{"id":8501,"date":"2019-01-05T21:53:12","date_gmt":"2019-01-05T20:53:12","guid":{"rendered":"http:\/\/silverhotel.pl\/for-the-media\/"},"modified":"2019-01-06T00:13:17","modified_gmt":"2019-01-05T23:13:17","slug":"for-the-media","status":"publish","type":"page","link":"https:\/\/silverhotel.pl\/en\/for-the-media\/","title":{"rendered":"For the media"},"content":{"rendered":"<div class=\"wpb-content-wrapper\">[vc_row][vc_column][vc_row_inner][vc_column_inner css=&#8221;.vc_custom_1543818625796{margin-bottom: 45px !important;}&#8221;][vc_column_text]\n<h2 style=\"text-align: center;\">Marketing<\/h2>\n[\/vc_column_text][\/vc_column_inner][\/vc_row_inner][vc_row_inner][vc_column_inner][vc_column_text]\n<p style=\"text-align: center;\">CONTACT<br \/>\n<a href=\"mailto:sprzedaz@silverhotel.pl\">sprzedaz@silverhotel.pl<\/a><\/p>\n[\/vc_column_text][\/vc_column_inner][\/vc_row_inner][\/vc_column][\/vc_row][vc_row][vc_column][vc_row_inner][vc_column_inner css=&#8221;.vc_custom_1543818636891{margin-bottom: 45px !important;}&#8221;][vc_column_text]\n<h2 style=\"text-align: center;\">Hotel logo<\/h2>\n[\/vc_column_text][\/vc_column_inner][\/vc_row_inner][vc_row_inner][vc_column_inner][vc_gallery images=&#8221;2829,3960&#8243; columns=&#8221;2&#8243;][\/vc_column_inner][\/vc_row_inner][\/vc_column][\/vc_row][vc_row][vc_column][vc_row_inner][vc_column_inner css=&#8221;.vc_custom_1543818645499{margin-bottom: 45px !important;}&#8221;][vc_column_text]\n<h2 style=\"text-align: center;\">Photos to download<\/h2>\n[\/vc_column_text][\/vc_column_inner][\/vc_row_inner][vc_row_inner][vc_column_inner][vc_gallery images=&#8221;5017,4999,4996,5014,4738,4729,4868,4918,4697,4691,4617,4614&#8243; columns=&#8221;4&#8243;][\/vc_column_inner][\/vc_row_inner][\/vc_column][\/vc_row]\n<\/div>","protected":false},"excerpt":{"rendered":"<p>[vc_row][vc_column][vc_row_inner][vc_column_inner css=&#8221;.vc_custom_1543818625796{margin-bottom: 45px !important;}&#8221;][vc_column_text] Marketing [\/vc_column_text][\/vc_column_inner][\/vc_row_inner][vc_row_inner][vc_column_inner][vc_column_text] CONTACT sprzedaz@silverhotel.pl [\/vc_column_text][\/vc_column_inner][\/vc_row_inner][\/vc_column][\/vc_row][vc_row][vc_column][vc_row_inner][vc_column_inner css=&#8221;.vc_custom_1543818636891{margin-bottom: 45px !important;}&#8221;][vc_column_text] Hotel logo [\/vc_column_text][\/vc_column_inner][\/vc_row_inner][vc_row_inner][vc_column_inner][vc_gallery images=&#8221;2829,3960&#8243; columns=&#8221;2&#8243;][\/vc_column_inner][\/vc_row_inner][\/vc_column][\/vc_row][vc_row][vc_column][vc_row_inner][vc_column_inner css=&#8221;.vc_custom_1543818645499{margin-bottom: 45px !important;}&#8221;][vc_column_text] [&hellip;]<\/p>\n","protected":false},"author":1,"featured_media":0,"parent":0,"menu_order":0,"comment_status":"closed","ping_status":"closed","template":"","meta":{"_acf_changed":false,"footnotes":""},"class_list":["post-8501","page","type-page","status-publish","hentry"],"acf":[],"yoast_head":"<!-- This site is optimized with the Yoast SEO Premium plugin v23.1 (Yoast SEO v25.6) - https:\/\/yoast.com\/wordpress\/plugins\/seo\/ -->\n<title>For the media | Silver Hotel &amp; Gokart Center<\/title>\n<meta name=\"description\" content=\"For the media: contact with the marketing department: sprzedaz@silverhotel.pl. Logo and photos to download Silver Hotel &amp; Gokart Center Szczecin.\" \/>\n<meta name=\"robots\" content=\"index, follow, max-snippet:-1, max-image-preview:large, max-video-preview:-1\" \/>\n<link rel=\"canonical\" href=\"https:\/\/silverhotel.pl\/en\/for-the-media\/\" \/>\n<meta property=\"og:locale\" content=\"en_US\" \/>\n<meta property=\"og:type\" content=\"article\" \/>\n<meta property=\"og:title\" content=\"For the media\" \/>\n<meta property=\"og:description\" content=\"For the media: contact with the marketing department: sprzedaz@silverhotel.pl. Logo and photos to download Silver Hotel &amp; Gokart Center Szczecin.\" \/>\n<meta property=\"og:url\" content=\"https:\/\/silverhotel.pl\/en\/for-the-media\/\" \/>\n<meta property=\"og:site_name\" content=\"Silver Hotel &amp; Gokart Center\" \/>\n<meta property=\"article:publisher\" content=\"https:\/\/www.facebook.com\/silverhotel\" \/>\n<meta property=\"article:modified_time\" content=\"2019-01-05T23:13:17+00:00\" \/>\n<meta name=\"twitter:card\" content=\"summary_large_image\" \/>\n<meta name=\"twitter:label1\" content=\"Est. reading time\" \/>\n\t<meta name=\"twitter:data1\" content=\"1 minute\" \/>\n<script type=\"application\/ld+json\" class=\"yoast-schema-graph\">{\"@context\":\"https:\/\/schema.org\",\"@graph\":[{\"@type\":\"WebPage\",\"@id\":\"https:\/\/silverhotel.pl\/en\/for-the-media\/\",\"url\":\"https:\/\/silverhotel.pl\/en\/for-the-media\/\",\"name\":\"For the media | Silver Hotel &amp; Gokart Center\",\"isPartOf\":{\"@id\":\"https:\/\/silverhotel.pl\/en\/#website\"},\"datePublished\":\"2019-01-05T20:53:12+00:00\",\"dateModified\":\"2019-01-05T23:13:17+00:00\",\"description\":\"For the media: contact with the marketing department: sprzedaz@silverhotel.pl. Logo and photos to download Silver Hotel & Gokart Center Szczecin.\",\"breadcrumb\":{\"@id\":\"https:\/\/silverhotel.pl\/en\/for-the-media\/#breadcrumb\"},\"inLanguage\":\"en-US\",\"potentialAction\":[{\"@type\":\"ReadAction\",\"target\":[\"https:\/\/silverhotel.pl\/en\/for-the-media\/\"]}]},{\"@type\":\"BreadcrumbList\",\"@id\":\"https:\/\/silverhotel.pl\/en\/for-the-media\/#breadcrumb\",\"itemListElement\":[{\"@type\":\"ListItem\",\"position\":1,\"name\":\"Home\",\"item\":\"https:\/\/silverhotel.pl\/en\/home\/\"},{\"@type\":\"ListItem\",\"position\":2,\"name\":\"For the media\"}]},{\"@type\":\"WebSite\",\"@id\":\"https:\/\/silverhotel.pl\/en\/#website\",\"url\":\"https:\/\/silverhotel.pl\/en\/\",\"name\":\"Silver Hotel & Gokart Center\",\"description\":\"Hotel Silver &amp; Gokart Center to wyj\u0105tkowe miejsce w Szczecinie \u0142\u0105cz\u0105ce w sobie komfortowe, stylowo urz\u0105dzone pokoje z mo\u017cliwo\u015bci\u0105 wypoczynku i rekreacji\",\"potentialAction\":[{\"@type\":\"SearchAction\",\"target\":{\"@type\":\"EntryPoint\",\"urlTemplate\":\"https:\/\/silverhotel.pl\/en\/?s={search_term_string}\"},\"query-input\":{\"@type\":\"PropertyValueSpecification\",\"valueRequired\":true,\"valueName\":\"search_term_string\"}}],\"inLanguage\":\"en-US\"}]}<\/script>\n<!-- \/ Yoast SEO Premium plugin. -->","yoast_head_json":{"title":"For the media | Silver Hotel &amp; Gokart Center","description":"For the media: contact with the marketing department: sprzedaz@silverhotel.pl. Logo and photos to download Silver Hotel & Gokart Center Szczecin.","robots":{"index":"index","follow":"follow","max-snippet":"max-snippet:-1","max-image-preview":"max-image-preview:large","max-video-preview":"max-video-preview:-1"},"canonical":"https:\/\/silverhotel.pl\/en\/for-the-media\/","og_locale":"en_US","og_type":"article","og_title":"For the media","og_description":"For the media: contact with the marketing department: sprzedaz@silverhotel.pl. Logo and photos to download Silver Hotel & Gokart Center Szczecin.","og_url":"https:\/\/silverhotel.pl\/en\/for-the-media\/","og_site_name":"Silver Hotel &amp; Gokart Center","article_publisher":"https:\/\/www.facebook.com\/silverhotel","article_modified_time":"2019-01-05T23:13:17+00:00","twitter_card":"summary_large_image","twitter_misc":{"Est. reading time":"1 minute"},"schema":{"@context":"https:\/\/schema.org","@graph":[{"@type":"WebPage","@id":"https:\/\/silverhotel.pl\/en\/for-the-media\/","url":"https:\/\/silverhotel.pl\/en\/for-the-media\/","name":"For the media | Silver Hotel &amp; Gokart Center","isPartOf":{"@id":"https:\/\/silverhotel.pl\/en\/#website"},"datePublished":"2019-01-05T20:53:12+00:00","dateModified":"2019-01-05T23:13:17+00:00","description":"For the media: contact with the marketing department: sprzedaz@silverhotel.pl. Logo and photos to download Silver Hotel & Gokart Center Szczecin.","breadcrumb":{"@id":"https:\/\/silverhotel.pl\/en\/for-the-media\/#breadcrumb"},"inLanguage":"en-US","potentialAction":[{"@type":"ReadAction","target":["https:\/\/silverhotel.pl\/en\/for-the-media\/"]}]},{"@type":"BreadcrumbList","@id":"https:\/\/silverhotel.pl\/en\/for-the-media\/#breadcrumb","itemListElement":[{"@type":"ListItem","position":1,"name":"Home","item":"https:\/\/silverhotel.pl\/en\/home\/"},{"@type":"ListItem","position":2,"name":"For the media"}]},{"@type":"WebSite","@id":"https:\/\/silverhotel.pl\/en\/#website","url":"https:\/\/silverhotel.pl\/en\/","name":"Silver Hotel & Gokart Center","description":"Hotel Silver &amp; Gokart Center to wyj\u0105tkowe miejsce w Szczecinie \u0142\u0105cz\u0105ce w sobie komfortowe, stylowo urz\u0105dzone pokoje z mo\u017cliwo\u015bci\u0105 wypoczynku i rekreacji","potentialAction":[{"@type":"SearchAction","target":{"@type":"EntryPoint","urlTemplate":"https:\/\/silverhotel.pl\/en\/?s={search_term_string}"},"query-input":{"@type":"PropertyValueSpecification","valueRequired":true,"valueName":"search_term_string"}}],"inLanguage":"en-US"}]}},"jetpack_sharing_enabled":true,"_links":{"self":[{"href":"https:\/\/silverhotel.pl\/en\/wp-json\/wp\/v2\/pages\/8501"}],"collection":[{"href":"https:\/\/silverhotel.pl\/en\/wp-json\/wp\/v2\/pages"}],"about":[{"href":"https:\/\/silverhotel.pl\/en\/wp-json\/wp\/v2\/types\/page"}],"author":[{"embeddable":true,"href":"https:\/\/silverhotel.pl\/en\/wp-json\/wp\/v2\/users\/1"}],"replies":[{"embeddable":true,"href":"https:\/\/silverhotel.pl\/en\/wp-json\/wp\/v2\/comments?post=8501"}],"version-history":[{"count":0,"href":"https:\/\/silverhotel.pl\/en\/wp-json\/wp\/v2\/pages\/8501\/revisions"}],"wp:attachment":[{"href":"https:\/\/silverhotel.pl\/en\/wp-json\/wp\/v2\/media?parent=8501"}],"curies":[{"name":"wp","href":"https:\/\/api.w.org\/{rel}","templated":true}]}}