{"id":16673,"date":"2023-11-15T14:15:22","date_gmt":"2023-11-15T13:15:22","guid":{"rendered":"https:\/\/silverhotel.pl\/regulations\/"},"modified":"2023-11-15T14:26:21","modified_gmt":"2023-11-15T13:26:21","slug":"regulations","status":"publish","type":"page","link":"https:\/\/silverhotel.pl\/en\/regulations\/","title":{"rendered":"Regulations"},"content":{"rendered":"<div class=\"wpb-content-wrapper\">[vc_row][vc_column][vc_btn title=&#8221;Hotel regulations&#8221; style=&#8221;modern&#8221; link=&#8221;url:https%3A%2F%2Fsilverhotel.pl%2Fwp-content%2Fuploads%2F2022%2F10%2FRegulamin-Hotelu-Silver-Przelewy24.pdf|&#8221;][\/vc_column][\/vc_row][vc_row][vc_column][vc_btn title=&#8221;Swimming pool regulations&#8221; style=&#8221;modern&#8221; link=&#8221;url:https%3A%2F%2Fsilverhotel.pl%2Fwp-content%2Fuploads%2F2022%2F10%2Fregulamin_basenu_PL_DE_EN.pdf|&#8221;][\/vc_column][\/vc_row][vc_row][vc_column][vc_btn title=&#8221;Parking regulations&#8221; style=&#8221;modern&#8221; link=&#8221;url:https%3A%2F%2Fsilverhotel.pl%2Fwp-content%2Fuploads%2F2022%2F10%2Fregulamin_parkingu_PL.pdf|&#8221;][\/vc_column][\/vc_row][vc_row][vc_column][vc_btn title=&#8221;Gokart track regulations&#8221; style=&#8221;modern&#8221; link=&#8221;url:https%3A%2F%2Fsilverhotel.pl%2Fwp-content%2Fuploads%2F2022%2F10%2Fregulamin_toru_PL_DE_EN.pdf|&#8221;][\/vc_column][\/vc_row][vc_row][vc_column][vc_btn title=&#8221;Vouchers regulations&#8221; style=&#8221;modern&#8221; link=&#8221;url:https%3A%2F%2Fsilverhotel.pl%2Fwp-content%2Fuploads%2F2022%2F10%2Fregulamin_voucher_PL.pdf|&#8221;][\/vc_column][\/vc_row][vc_row][vc_column][vc_btn title=&#8221;Season ticket regulations&#8221; style=&#8221;modern&#8221; link=&#8221;url:https%3A%2F%2Fsilverhotel.pl%2Fwp-content%2Fuploads%2F2022%2F10%2Fregulamin_karnet_PL.pdf|&#8221;][\/vc_column][\/vc_row]\n<\/div>","protected":false},"excerpt":{"rendered":"<p>[vc_row][vc_column][vc_btn title=&#8221;Hotel regulations&#8221; style=&#8221;modern&#8221; link=&#8221;url:https%3A%2F%2Fsilverhotel.pl%2Fwp-content%2Fuploads%2F2022%2F10%2FRegulamin-Hotelu-Silver-Przelewy24.pdf|&#8221;][\/vc_column][\/vc_row][vc_row][vc_column][vc_btn title=&#8221;Swimming pool regulations&#8221; style=&#8221;modern&#8221; link=&#8221;url:https%3A%2F%2Fsilverhotel.pl%2Fwp-content%2Fuploads%2F2022%2F10%2Fregulamin_basenu_PL_DE_EN.pdf|&#8221;][\/vc_column][\/vc_row][vc_row][vc_column][vc_btn title=&#8221;Parking regulations&#8221; style=&#8221;modern&#8221; link=&#8221;url:https%3A%2F%2Fsilverhotel.pl%2Fwp-content%2Fuploads%2F2022%2F10%2Fregulamin_parkingu_PL.pdf|&#8221;][\/vc_column][\/vc_row][vc_row][vc_column][vc_btn title=&#8221;Gokart track regulations&#8221; style=&#8221;modern&#8221; link=&#8221;url:https%3A%2F%2Fsilverhotel.pl%2Fwp-content%2Fuploads%2F2022%2F10%2Fregulamin_toru_PL_DE_EN.pdf|&#8221;][\/vc_column][\/vc_row][vc_row][vc_column][vc_btn title=&#8221;Vouchers [&hellip;]<\/p>\n","protected":false},"author":2,"featured_media":0,"parent":0,"menu_order":0,"comment_status":"closed","ping_status":"closed","template":"","meta":{"_acf_changed":false,"footnotes":""},"class_list":["post-16673","page","type-page","status-publish","hentry"],"acf":[],"yoast_head":"<!-- This site is optimized with the Yoast SEO Premium plugin v23.1 (Yoast SEO v25.6) - https:\/\/yoast.com\/wordpress\/plugins\/seo\/ -->\n<title>Regulations | Silver Hotel &amp; Gokart Center<\/title>\n<meta name=\"robots\" content=\"index, follow, max-snippet:-1, max-image-preview:large, max-video-preview:-1\" \/>\n<link rel=\"canonical\" href=\"https:\/\/silverhotel.pl\/en\/regulations\/\" \/>\n<meta property=\"og:locale\" content=\"en_US\" \/>\n<meta property=\"og:type\" content=\"article\" \/>\n<meta property=\"og:title\" content=\"Regulations\" \/>\n<meta property=\"og:description\" content=\"[vc_row][vc_column][vc_btn title=&#8221;Hotel regulations&#8221; style=&#8221;modern&#8221; link=&#8221;url:https%3A%2F%2Fsilverhotel.pl%2Fwp-content%2Fuploads%2F2022%2F10%2FRegulamin-Hotelu-Silver-Przelewy24.pdf|&#8221;][\/vc_column][\/vc_row][vc_row][vc_column][vc_btn title=&#8221;Swimming pool regulations&#8221; style=&#8221;modern&#8221; link=&#8221;url:https%3A%2F%2Fsilverhotel.pl%2Fwp-content%2Fuploads%2F2022%2F10%2Fregulamin_basenu_PL_DE_EN.pdf|&#8221;][\/vc_column][\/vc_row][vc_row][vc_column][vc_btn title=&#8221;Parking regulations&#8221; style=&#8221;modern&#8221; link=&#8221;url:https%3A%2F%2Fsilverhotel.pl%2Fwp-content%2Fuploads%2F2022%2F10%2Fregulamin_parkingu_PL.pdf|&#8221;][\/vc_column][\/vc_row][vc_row][vc_column][vc_btn title=&#8221;Gokart track regulations&#8221; style=&#8221;modern&#8221; link=&#8221;url:https%3A%2F%2Fsilverhotel.pl%2Fwp-content%2Fuploads%2F2022%2F10%2Fregulamin_toru_PL_DE_EN.pdf|&#8221;][\/vc_column][\/vc_row][vc_row][vc_column][vc_btn title=&#8221;Vouchers [&hellip;]\" \/>\n<meta property=\"og:url\" content=\"https:\/\/silverhotel.pl\/en\/regulations\/\" \/>\n<meta property=\"og:site_name\" content=\"Silver Hotel &amp; Gokart Center\" \/>\n<meta property=\"article:publisher\" content=\"https:\/\/www.facebook.com\/silverhotel\" \/>\n<meta property=\"article:modified_time\" content=\"2023-11-15T13:26:21+00:00\" \/>\n<meta name=\"twitter:card\" content=\"summary_large_image\" \/>\n<meta name=\"twitter:label1\" content=\"Est. reading time\" \/>\n\t<meta name=\"twitter:data1\" content=\"1 minute\" \/>\n<script type=\"application\/ld+json\" class=\"yoast-schema-graph\">{\"@context\":\"https:\/\/schema.org\",\"@graph\":[{\"@type\":\"WebPage\",\"@id\":\"https:\/\/silverhotel.pl\/en\/regulations\/\",\"url\":\"https:\/\/silverhotel.pl\/en\/regulations\/\",\"name\":\"Regulations | Silver Hotel &amp; Gokart Center\",\"isPartOf\":{\"@id\":\"https:\/\/silverhotel.pl\/en\/#website\"},\"datePublished\":\"2023-11-15T13:15:22+00:00\",\"dateModified\":\"2023-11-15T13:26:21+00:00\",\"breadcrumb\":{\"@id\":\"https:\/\/silverhotel.pl\/en\/regulations\/#breadcrumb\"},\"inLanguage\":\"en-US\",\"potentialAction\":[{\"@type\":\"ReadAction\",\"target\":[\"https:\/\/silverhotel.pl\/en\/regulations\/\"]}]},{\"@type\":\"BreadcrumbList\",\"@id\":\"https:\/\/silverhotel.pl\/en\/regulations\/#breadcrumb\",\"itemListElement\":[{\"@type\":\"ListItem\",\"position\":1,\"name\":\"Home\",\"item\":\"https:\/\/silverhotel.pl\/en\/home\/\"},{\"@type\":\"ListItem\",\"position\":2,\"name\":\"Regulations\"}]},{\"@type\":\"WebSite\",\"@id\":\"https:\/\/silverhotel.pl\/en\/#website\",\"url\":\"https:\/\/silverhotel.pl\/en\/\",\"name\":\"Silver Hotel & Gokart Center\",\"description\":\"Hotel Silver &amp; Gokart Center to wyj\u0105tkowe miejsce w Szczecinie \u0142\u0105cz\u0105ce w sobie komfortowe, stylowo urz\u0105dzone pokoje z mo\u017cliwo\u015bci\u0105 wypoczynku i rekreacji\",\"potentialAction\":[{\"@type\":\"SearchAction\",\"target\":{\"@type\":\"EntryPoint\",\"urlTemplate\":\"https:\/\/silverhotel.pl\/en\/?s={search_term_string}\"},\"query-input\":{\"@type\":\"PropertyValueSpecification\",\"valueRequired\":true,\"valueName\":\"search_term_string\"}}],\"inLanguage\":\"en-US\"}]}<\/script>\n<!-- \/ Yoast SEO Premium plugin. -->","yoast_head_json":{"title":"Regulations | Silver Hotel &amp; Gokart Center","robots":{"index":"index","follow":"follow","max-snippet":"max-snippet:-1","max-image-preview":"max-image-preview:large","max-video-preview":"max-video-preview:-1"},"canonical":"https:\/\/silverhotel.pl\/en\/regulations\/","og_locale":"en_US","og_type":"article","og_title":"Regulations","og_description":"[vc_row][vc_column][vc_btn title=&#8221;Hotel regulations&#8221; style=&#8221;modern&#8221; link=&#8221;url:https%3A%2F%2Fsilverhotel.pl%2Fwp-content%2Fuploads%2F2022%2F10%2FRegulamin-Hotelu-Silver-Przelewy24.pdf|&#8221;][\/vc_column][\/vc_row][vc_row][vc_column][vc_btn title=&#8221;Swimming pool regulations&#8221; style=&#8221;modern&#8221; link=&#8221;url:https%3A%2F%2Fsilverhotel.pl%2Fwp-content%2Fuploads%2F2022%2F10%2Fregulamin_basenu_PL_DE_EN.pdf|&#8221;][\/vc_column][\/vc_row][vc_row][vc_column][vc_btn title=&#8221;Parking regulations&#8221; style=&#8221;modern&#8221; link=&#8221;url:https%3A%2F%2Fsilverhotel.pl%2Fwp-content%2Fuploads%2F2022%2F10%2Fregulamin_parkingu_PL.pdf|&#8221;][\/vc_column][\/vc_row][vc_row][vc_column][vc_btn title=&#8221;Gokart track regulations&#8221; style=&#8221;modern&#8221; link=&#8221;url:https%3A%2F%2Fsilverhotel.pl%2Fwp-content%2Fuploads%2F2022%2F10%2Fregulamin_toru_PL_DE_EN.pdf|&#8221;][\/vc_column][\/vc_row][vc_row][vc_column][vc_btn title=&#8221;Vouchers [&hellip;]","og_url":"https:\/\/silverhotel.pl\/en\/regulations\/","og_site_name":"Silver Hotel &amp; Gokart Center","article_publisher":"https:\/\/www.facebook.com\/silverhotel","article_modified_time":"2023-11-15T13:26:21+00:00","twitter_card":"summary_large_image","twitter_misc":{"Est. reading time":"1 minute"},"schema":{"@context":"https:\/\/schema.org","@graph":[{"@type":"WebPage","@id":"https:\/\/silverhotel.pl\/en\/regulations\/","url":"https:\/\/silverhotel.pl\/en\/regulations\/","name":"Regulations | Silver Hotel &amp; Gokart Center","isPartOf":{"@id":"https:\/\/silverhotel.pl\/en\/#website"},"datePublished":"2023-11-15T13:15:22+00:00","dateModified":"2023-11-15T13:26:21+00:00","breadcrumb":{"@id":"https:\/\/silverhotel.pl\/en\/regulations\/#breadcrumb"},"inLanguage":"en-US","potentialAction":[{"@type":"ReadAction","target":["https:\/\/silverhotel.pl\/en\/regulations\/"]}]},{"@type":"BreadcrumbList","@id":"https:\/\/silverhotel.pl\/en\/regulations\/#breadcrumb","itemListElement":[{"@type":"ListItem","position":1,"name":"Home","item":"https:\/\/silverhotel.pl\/en\/home\/"},{"@type":"ListItem","position":2,"name":"Regulations"}]},{"@type":"WebSite","@id":"https:\/\/silverhotel.pl\/en\/#website","url":"https:\/\/silverhotel.pl\/en\/","name":"Silver Hotel & Gokart Center","description":"Hotel Silver &amp; Gokart Center to wyj\u0105tkowe miejsce w Szczecinie \u0142\u0105cz\u0105ce w sobie komfortowe, stylowo urz\u0105dzone pokoje z mo\u017cliwo\u015bci\u0105 wypoczynku i rekreacji","potentialAction":[{"@type":"SearchAction","target":{"@type":"EntryPoint","urlTemplate":"https:\/\/silverhotel.pl\/en\/?s={search_term_string}"},"query-input":{"@type":"PropertyValueSpecification","valueRequired":true,"valueName":"search_term_string"}}],"inLanguage":"en-US"}]}},"jetpack_sharing_enabled":true,"_links":{"self":[{"href":"https:\/\/silverhotel.pl\/en\/wp-json\/wp\/v2\/pages\/16673"}],"collection":[{"href":"https:\/\/silverhotel.pl\/en\/wp-json\/wp\/v2\/pages"}],"about":[{"href":"https:\/\/silverhotel.pl\/en\/wp-json\/wp\/v2\/types\/page"}],"author":[{"embeddable":true,"href":"https:\/\/silverhotel.pl\/en\/wp-json\/wp\/v2\/users\/2"}],"replies":[{"embeddable":true,"href":"https:\/\/silverhotel.pl\/en\/wp-json\/wp\/v2\/comments?post=16673"}],"version-history":[{"count":4,"href":"https:\/\/silverhotel.pl\/en\/wp-json\/wp\/v2\/pages\/16673\/revisions"}],"predecessor-version":[{"id":16682,"href":"https:\/\/silverhotel.pl\/en\/wp-json\/wp\/v2\/pages\/16673\/revisions\/16682"}],"wp:attachment":[{"href":"https:\/\/silverhotel.pl\/en\/wp-json\/wp\/v2\/media?parent=16673"}],"curies":[{"name":"wp","href":"https:\/\/api.w.org\/{rel}","templated":true}]}}