{"id":16530,"date":"2023-10-20T11:29:36","date_gmt":"2023-10-20T09:29:36","guid":{"rendered":"https:\/\/silverhotel.pl\/?page_id=16530"},"modified":"2025-10-22T09:04:33","modified_gmt":"2025-10-22T07:04:33","slug":"registration","status":"publish","type":"page","link":"https:\/\/silverhotel.pl\/en\/gokart-center\/registration\/","title":{"rendered":"Registration"},"content":{"rendered":"<div class=\"wpb-content-wrapper\">[vc_row full_width=&#8221;stretch_row_content&#8221; full_height=&#8221;yes&#8221; columns_placement=&#8221;top&#8221; equal_height=&#8221;yes&#8221; content_placement=&#8221;middle&#8221; el_class=&#8221;content-padding-md&#8221; css=&#8221;.vc_custom_1705061994196{background-color: #000000 !important;}&#8221;][vc_column curly_bg_repeat=&#8221;bg-repeat-x&#8221; curly_bg_position=&#8221;bg-pos-center-center&#8221; curly_bg_parallax=&#8221;true&#8221; css=&#8221;.vc_custom_1698748574800{background-color: #000000 !important;border-radius: 4px !important;}&#8221;][vc_column_text]\n<p>&nbsp;<\/p>\n<p><script type=\"text\/javascript\" src=\"https:\/\/www.apex-timing.com\/gokarts\/javascript\/ax.iframe.js\"><\/script><\/p>\n<p><iframe class=\"axiframe\" width=\"100%\" data-src=\"https:\/\/www.apex-timing.com\/gokarts\/kiosk.php?center=637\"><\/iframe><\/p>\n<p>&nbsp;<\/p>\n[\/vc_column_text][vc_column_text css=&#8221;&#8221;]\n<p><script type=\"text\/javascript\" src=\"https:\/\/www.apex-timing.com\/gokarts\/javascript\/ax.iframe.js\"><\/script><\/p>\n<p><iframe class=\"axiframe\" width=\"100%\" data-src=\"https:\/\/www.apex-timing.com\/gokarts\/sessions_booking.php?center=637&amp;categories=39,80,67,75,56,131,140\"><\/iframe><\/p>\n[\/vc_column_text][\/vc_column][\/vc_row][vc_row el_class=&#8221;content-padding-md&#8221;][vc_column][\/vc_column][\/vc_row]\n<\/div>","protected":false},"excerpt":{"rendered":"<p>[vc_row full_width=&#8221;stretch_row_content&#8221; full_height=&#8221;yes&#8221; columns_placement=&#8221;top&#8221; equal_height=&#8221;yes&#8221; content_placement=&#8221;middle&#8221; el_class=&#8221;content-padding-md&#8221; css=&#8221;.vc_custom_1705061994196{background-color: #000000 !important;}&#8221;][vc_column curly_bg_repeat=&#8221;bg-repeat-x&#8221; curly_bg_position=&#8221;bg-pos-center-center&#8221; curly_bg_parallax=&#8221;true&#8221; css=&#8221;.vc_custom_1698748574800{background-color: #000000 !important;border-radius: 4px !important;}&#8221;][vc_column_text] &nbsp; &nbsp; [&hellip;]<\/p>\n","protected":false},"author":2,"featured_media":0,"parent":8274,"menu_order":0,"comment_status":"closed","ping_status":"closed","template":"","meta":{"_acf_changed":false,"footnotes":""},"class_list":["post-16530","page","type-page","status-publish","hentry"],"acf":[],"yoast_head":"<!-- This site is optimized with the Yoast SEO Premium plugin v23.1 (Yoast SEO v25.6) - https:\/\/yoast.com\/wordpress\/plugins\/seo\/ -->\n<title>Registration | Silver Hotel &amp; Gokart Center<\/title>\n<meta name=\"description\" content=\"Live timing &amp; Ranking in Silver Hotel &amp; Gokart Center in Szczecin \u2013 check the current rakings of \u201cTOPs\u201d and watch the currents results live.\" \/>\n<meta name=\"robots\" content=\"index, follow, max-snippet:-1, max-image-preview:large, max-video-preview:-1\" \/>\n<link rel=\"canonical\" href=\"https:\/\/silverhotel.pl\/en\/gokart-center\/registration\/\" \/>\n<meta property=\"og:locale\" content=\"en_US\" \/>\n<meta property=\"og:type\" content=\"article\" \/>\n<meta property=\"og:title\" content=\"Registration\" \/>\n<meta property=\"og:description\" content=\"Live timing &amp; Ranking in Silver Hotel &amp; Gokart Center in Szczecin \u2013 check the current rakings of \u201cTOPs\u201d and watch the currents results live.\" \/>\n<meta property=\"og:url\" content=\"https:\/\/silverhotel.pl\/en\/gokart-center\/registration\/\" \/>\n<meta property=\"og:site_name\" content=\"Silver Hotel &amp; Gokart Center\" \/>\n<meta property=\"article:publisher\" content=\"https:\/\/www.facebook.com\/silverhotel\" \/>\n<meta property=\"article:modified_time\" content=\"2025-10-22T07:04:33+00:00\" \/>\n<meta name=\"twitter:card\" content=\"summary_large_image\" \/>\n<script type=\"application\/ld+json\" class=\"yoast-schema-graph\">{\"@context\":\"https:\/\/schema.org\",\"@graph\":[{\"@type\":\"WebPage\",\"@id\":\"https:\/\/silverhotel.pl\/en\/gokart-center\/registration\/\",\"url\":\"https:\/\/silverhotel.pl\/en\/gokart-center\/registration\/\",\"name\":\"Registration | Silver Hotel &amp; Gokart Center\",\"isPartOf\":{\"@id\":\"https:\/\/silverhotel.pl\/en\/#website\"},\"datePublished\":\"2023-10-20T09:29:36+00:00\",\"dateModified\":\"2025-10-22T07:04:33+00:00\",\"description\":\"Live timing & Ranking in Silver Hotel & Gokart Center in Szczecin \u2013 check the current rakings of \u201cTOPs\u201d and watch the currents results live.\",\"breadcrumb\":{\"@id\":\"https:\/\/silverhotel.pl\/en\/gokart-center\/registration\/#breadcrumb\"},\"inLanguage\":\"en-US\",\"potentialAction\":[{\"@type\":\"ReadAction\",\"target\":[\"https:\/\/silverhotel.pl\/en\/gokart-center\/registration\/\"]}]},{\"@type\":\"BreadcrumbList\",\"@id\":\"https:\/\/silverhotel.pl\/en\/gokart-center\/registration\/#breadcrumb\",\"itemListElement\":[{\"@type\":\"ListItem\",\"position\":1,\"name\":\"Home\",\"item\":\"https:\/\/silverhotel.pl\/en\/home\/\"},{\"@type\":\"ListItem\",\"position\":2,\"name\":\"GOKART CENTER\",\"item\":\"https:\/\/silverhotel.pl\/en\/gokart-center\/\"},{\"@type\":\"ListItem\",\"position\":3,\"name\":\"Registration\"}]},{\"@type\":\"WebSite\",\"@id\":\"https:\/\/silverhotel.pl\/en\/#website\",\"url\":\"https:\/\/silverhotel.pl\/en\/\",\"name\":\"Silver Hotel & Gokart Center\",\"description\":\"Hotel Silver &amp; Gokart Center to wyj\u0105tkowe miejsce w Szczecinie \u0142\u0105cz\u0105ce w sobie komfortowe, stylowo urz\u0105dzone pokoje z mo\u017cliwo\u015bci\u0105 wypoczynku i rekreacji\",\"potentialAction\":[{\"@type\":\"SearchAction\",\"target\":{\"@type\":\"EntryPoint\",\"urlTemplate\":\"https:\/\/silverhotel.pl\/en\/?s={search_term_string}\"},\"query-input\":{\"@type\":\"PropertyValueSpecification\",\"valueRequired\":true,\"valueName\":\"search_term_string\"}}],\"inLanguage\":\"en-US\"}]}<\/script>\n<!-- \/ Yoast SEO Premium plugin. -->","yoast_head_json":{"title":"Registration | Silver Hotel &amp; Gokart Center","description":"Live timing & Ranking in Silver Hotel & Gokart Center in Szczecin \u2013 check the current rakings of \u201cTOPs\u201d and watch the currents results live.","robots":{"index":"index","follow":"follow","max-snippet":"max-snippet:-1","max-image-preview":"max-image-preview:large","max-video-preview":"max-video-preview:-1"},"canonical":"https:\/\/silverhotel.pl\/en\/gokart-center\/registration\/","og_locale":"en_US","og_type":"article","og_title":"Registration","og_description":"Live timing & Ranking in Silver Hotel & Gokart Center in Szczecin \u2013 check the current rakings of \u201cTOPs\u201d and watch the currents results live.","og_url":"https:\/\/silverhotel.pl\/en\/gokart-center\/registration\/","og_site_name":"Silver Hotel &amp; Gokart Center","article_publisher":"https:\/\/www.facebook.com\/silverhotel","article_modified_time":"2025-10-22T07:04:33+00:00","twitter_card":"summary_large_image","schema":{"@context":"https:\/\/schema.org","@graph":[{"@type":"WebPage","@id":"https:\/\/silverhotel.pl\/en\/gokart-center\/registration\/","url":"https:\/\/silverhotel.pl\/en\/gokart-center\/registration\/","name":"Registration | Silver Hotel &amp; Gokart Center","isPartOf":{"@id":"https:\/\/silverhotel.pl\/en\/#website"},"datePublished":"2023-10-20T09:29:36+00:00","dateModified":"2025-10-22T07:04:33+00:00","description":"Live timing & Ranking in Silver Hotel & Gokart Center in Szczecin \u2013 check the current rakings of \u201cTOPs\u201d and watch the currents results live.","breadcrumb":{"@id":"https:\/\/silverhotel.pl\/en\/gokart-center\/registration\/#breadcrumb"},"inLanguage":"en-US","potentialAction":[{"@type":"ReadAction","target":["https:\/\/silverhotel.pl\/en\/gokart-center\/registration\/"]}]},{"@type":"BreadcrumbList","@id":"https:\/\/silverhotel.pl\/en\/gokart-center\/registration\/#breadcrumb","itemListElement":[{"@type":"ListItem","position":1,"name":"Home","item":"https:\/\/silverhotel.pl\/en\/home\/"},{"@type":"ListItem","position":2,"name":"GOKART CENTER","item":"https:\/\/silverhotel.pl\/en\/gokart-center\/"},{"@type":"ListItem","position":3,"name":"Registration"}]},{"@type":"WebSite","@id":"https:\/\/silverhotel.pl\/en\/#website","url":"https:\/\/silverhotel.pl\/en\/","name":"Silver Hotel & Gokart Center","description":"Hotel Silver &amp; Gokart Center to wyj\u0105tkowe miejsce w Szczecinie \u0142\u0105cz\u0105ce w sobie komfortowe, stylowo urz\u0105dzone pokoje z mo\u017cliwo\u015bci\u0105 wypoczynku i rekreacji","potentialAction":[{"@type":"SearchAction","target":{"@type":"EntryPoint","urlTemplate":"https:\/\/silverhotel.pl\/en\/?s={search_term_string}"},"query-input":{"@type":"PropertyValueSpecification","valueRequired":true,"valueName":"search_term_string"}}],"inLanguage":"en-US"}]}},"jetpack_sharing_enabled":true,"_links":{"self":[{"href":"https:\/\/silverhotel.pl\/en\/wp-json\/wp\/v2\/pages\/16530"}],"collection":[{"href":"https:\/\/silverhotel.pl\/en\/wp-json\/wp\/v2\/pages"}],"about":[{"href":"https:\/\/silverhotel.pl\/en\/wp-json\/wp\/v2\/types\/page"}],"author":[{"embeddable":true,"href":"https:\/\/silverhotel.pl\/en\/wp-json\/wp\/v2\/users\/2"}],"replies":[{"embeddable":true,"href":"https:\/\/silverhotel.pl\/en\/wp-json\/wp\/v2\/comments?post=16530"}],"version-history":[{"count":5,"href":"https:\/\/silverhotel.pl\/en\/wp-json\/wp\/v2\/pages\/16530\/revisions"}],"predecessor-version":[{"id":17512,"href":"https:\/\/silverhotel.pl\/en\/wp-json\/wp\/v2\/pages\/16530\/revisions\/17512"}],"up":[{"embeddable":true,"href":"https:\/\/silverhotel.pl\/en\/wp-json\/wp\/v2\/pages\/8274"}],"wp:attachment":[{"href":"https:\/\/silverhotel.pl\/en\/wp-json\/wp\/v2\/media?parent=16530"}],"curies":[{"name":"wp","href":"https:\/\/api.w.org\/{rel}","templated":true}]}}