{"id":12580,"date":"2020-09-29T19:22:11","date_gmt":"2020-09-29T17:22:11","guid":{"rendered":"https:\/\/silverhotel.pl\/silver-hotel-360\/"},"modified":"2020-09-29T19:39:48","modified_gmt":"2020-09-29T17:39:48","slug":"silver-hotel-360","status":"publish","type":"page","link":"https:\/\/silverhotel.pl\/en\/silver-hotel-360\/","title":{"rendered":"Silver Hotel 360"},"content":{"rendered":"<div class=\"wpb-content-wrapper\">[vc_row full_width=&#8221;stretch_row_content_no_spaces&#8221; full_height=&#8221;yes&#8221;][vc_column][vc_raw_html]PHN0eWxlPg0KaWZyYW1lew0KIGRpc3BsYXk6IGJsb2NrOw0KIHdpZHRoOiAxMDAlOw0KIGJvcmRlcjogbm9uZTsNCiBvdmVyZmxvdy15OiBhdXRvOw0KIG92ZXJmbG93LXg6IGhpZGRlbjsNCmhlaWdodDogY2FsYygxMDB2aCAtIDE1MHB4KTsNCn08L3N0eWxlPg0KDQo8aWZyYW1lIHNyYz0iaHR0cHM6Ly9zemN6ZWNpbjM2MC5jb20vc2lsdmVyLyIgd2lkdGg9IjEwMCUiIGhlaWdodD0iMTAwJSIgZnJhbWVib3JkZXI9IjAiIG1hcmdpbndpZHRoPSIwIiBtYXJnaW5oZWlnaHQ9IjAiIHNjcm9sbGluZz0iYXV0byI+PC9pZnJhbWU+[\/vc_raw_html][\/vc_column][\/vc_row]\n<\/div>","protected":false},"excerpt":{"rendered":"<p>[vc_row full_width=&#8221;stretch_row_content_no_spaces&#8221; full_height=&#8221;yes&#8221;][vc_column][vc_raw_html]PHN0eWxlPg0KaWZyYW1lew0KIGRpc3BsYXk6IGJsb2NrOw0KIHdpZHRoOiAxMDAlOw0KIGJvcmRlcjogbm9uZTsNCiBvdmVyZmxvdy15OiBhdXRvOw0KIG92ZXJmbG93LXg6IGhpZGRlbjsNCmhlaWdodDogY2FsYygxMDB2aCAtIDE1MHB4KTsNCn08L3N0eWxlPg0KDQo8aWZyYW1lIHNyYz0iaHR0cHM6Ly9zemN6ZWNpbjM2MC5jb20vc2lsdmVyLyIgd2lkdGg9IjEwMCUiIGhlaWdodD0iMTAwJSIgZnJhbWVib3JkZXI9IjAiIG1hcmdpbndpZHRoPSIwIiBtYXJnaW5oZWlnaHQ9IjAiIHNjcm9sbGluZz0iYXV0byI+PC9pZnJhbWU+[\/vc_raw_html][\/vc_column][\/vc_row]<\/p>\n","protected":false},"author":1,"featured_media":0,"parent":0,"menu_order":0,"comment_status":"closed","ping_status":"closed","template":"","meta":{"_acf_changed":false,"footnotes":""},"class_list":["post-12580","page","type-page","status-publish","hentry"],"acf":[],"yoast_head":"<!-- This site is optimized with the Yoast SEO Premium plugin v23.1 (Yoast SEO v25.6) - https:\/\/yoast.com\/wordpress\/plugins\/seo\/ -->\n<title>Silver Hotel 360 | Silver Hotel &amp; Gokart Center<\/title>\n<meta name=\"robots\" content=\"index, follow, max-snippet:-1, max-image-preview:large, max-video-preview:-1\" \/>\n<link rel=\"canonical\" href=\"https:\/\/silverhotel.pl\/en\/silver-hotel-360\/\" \/>\n<meta property=\"og:locale\" content=\"en_US\" \/>\n<meta property=\"og:type\" content=\"article\" \/>\n<meta property=\"og:title\" content=\"Silver Hotel 360\" \/>\n<meta property=\"og:description\" content=\"[vc_row full_width=&#8221;stretch_row_content_no_spaces&#8221; full_height=&#8221;yes&#8221;][vc_column][vc_raw_html]PHN0eWxlPg0KaWZyYW1lew0KIGRpc3BsYXk6IGJsb2NrOw0KIHdpZHRoOiAxMDAlOw0KIGJvcmRlcjogbm9uZTsNCiBvdmVyZmxvdy15OiBhdXRvOw0KIG92ZXJmbG93LXg6IGhpZGRlbjsNCmhlaWdodDogY2FsYygxMDB2aCAtIDE1MHB4KTsNCn08L3N0eWxlPg0KDQo8aWZyYW1lIHNyYz0iaHR0cHM6Ly9zemN6ZWNpbjM2MC5jb20vc2lsdmVyLyIgd2lkdGg9IjEwMCUiIGhlaWdodD0iMTAwJSIgZnJhbWVib3JkZXI9IjAiIG1hcmdpbndpZHRoPSIwIiBtYXJnaW5oZWlnaHQ9IjAiIHNjcm9sbGluZz0iYXV0byI+PC9pZnJhbWU+[\/vc_raw_html][\/vc_column][\/vc_row]\" \/>\n<meta property=\"og:url\" content=\"https:\/\/silverhotel.pl\/en\/silver-hotel-360\/\" \/>\n<meta property=\"og:site_name\" content=\"Silver Hotel &amp; Gokart Center\" \/>\n<meta property=\"article:publisher\" content=\"https:\/\/www.facebook.com\/silverhotel\" \/>\n<meta property=\"article:modified_time\" content=\"2020-09-29T17:39:48+00:00\" \/>\n<meta name=\"twitter:card\" content=\"summary_large_image\" \/>\n<script type=\"application\/ld+json\" class=\"yoast-schema-graph\">{\"@context\":\"https:\/\/schema.org\",\"@graph\":[{\"@type\":\"WebPage\",\"@id\":\"https:\/\/silverhotel.pl\/en\/silver-hotel-360\/\",\"url\":\"https:\/\/silverhotel.pl\/en\/silver-hotel-360\/\",\"name\":\"Silver Hotel 360 | Silver Hotel &amp; Gokart Center\",\"isPartOf\":{\"@id\":\"https:\/\/silverhotel.pl\/en\/#website\"},\"datePublished\":\"2020-09-29T17:22:11+00:00\",\"dateModified\":\"2020-09-29T17:39:48+00:00\",\"breadcrumb\":{\"@id\":\"https:\/\/silverhotel.pl\/en\/silver-hotel-360\/#breadcrumb\"},\"inLanguage\":\"en-US\",\"potentialAction\":[{\"@type\":\"ReadAction\",\"target\":[\"https:\/\/silverhotel.pl\/en\/silver-hotel-360\/\"]}]},{\"@type\":\"BreadcrumbList\",\"@id\":\"https:\/\/silverhotel.pl\/en\/silver-hotel-360\/#breadcrumb\",\"itemListElement\":[{\"@type\":\"ListItem\",\"position\":1,\"name\":\"Home\",\"item\":\"https:\/\/silverhotel.pl\/en\/home\/\"},{\"@type\":\"ListItem\",\"position\":2,\"name\":\"Silver Hotel 360\"}]},{\"@type\":\"WebSite\",\"@id\":\"https:\/\/silverhotel.pl\/en\/#website\",\"url\":\"https:\/\/silverhotel.pl\/en\/\",\"name\":\"Silver Hotel & Gokart Center\",\"description\":\"Hotel Silver &amp; Gokart Center to wyj\u0105tkowe miejsce w Szczecinie \u0142\u0105cz\u0105ce w sobie komfortowe, stylowo urz\u0105dzone pokoje z mo\u017cliwo\u015bci\u0105 wypoczynku i rekreacji\",\"potentialAction\":[{\"@type\":\"SearchAction\",\"target\":{\"@type\":\"EntryPoint\",\"urlTemplate\":\"https:\/\/silverhotel.pl\/en\/?s={search_term_string}\"},\"query-input\":{\"@type\":\"PropertyValueSpecification\",\"valueRequired\":true,\"valueName\":\"search_term_string\"}}],\"inLanguage\":\"en-US\"}]}<\/script>\n<!-- \/ Yoast SEO Premium plugin. -->","yoast_head_json":{"title":"Silver Hotel 360 | Silver Hotel &amp; Gokart Center","robots":{"index":"index","follow":"follow","max-snippet":"max-snippet:-1","max-image-preview":"max-image-preview:large","max-video-preview":"max-video-preview:-1"},"canonical":"https:\/\/silverhotel.pl\/en\/silver-hotel-360\/","og_locale":"en_US","og_type":"article","og_title":"Silver Hotel 360","og_description":"[vc_row full_width=&#8221;stretch_row_content_no_spaces&#8221; full_height=&#8221;yes&#8221;][vc_column][vc_raw_html]PHN0eWxlPg0KaWZyYW1lew0KIGRpc3BsYXk6IGJsb2NrOw0KIHdpZHRoOiAxMDAlOw0KIGJvcmRlcjogbm9uZTsNCiBvdmVyZmxvdy15OiBhdXRvOw0KIG92ZXJmbG93LXg6IGhpZGRlbjsNCmhlaWdodDogY2FsYygxMDB2aCAtIDE1MHB4KTsNCn08L3N0eWxlPg0KDQo8aWZyYW1lIHNyYz0iaHR0cHM6Ly9zemN6ZWNpbjM2MC5jb20vc2lsdmVyLyIgd2lkdGg9IjEwMCUiIGhlaWdodD0iMTAwJSIgZnJhbWVib3JkZXI9IjAiIG1hcmdpbndpZHRoPSIwIiBtYXJnaW5oZWlnaHQ9IjAiIHNjcm9sbGluZz0iYXV0byI+PC9pZnJhbWU+[\/vc_raw_html][\/vc_column][\/vc_row]","og_url":"https:\/\/silverhotel.pl\/en\/silver-hotel-360\/","og_site_name":"Silver Hotel &amp; Gokart Center","article_publisher":"https:\/\/www.facebook.com\/silverhotel","article_modified_time":"2020-09-29T17:39:48+00:00","twitter_card":"summary_large_image","schema":{"@context":"https:\/\/schema.org","@graph":[{"@type":"WebPage","@id":"https:\/\/silverhotel.pl\/en\/silver-hotel-360\/","url":"https:\/\/silverhotel.pl\/en\/silver-hotel-360\/","name":"Silver Hotel 360 | Silver Hotel &amp; Gokart Center","isPartOf":{"@id":"https:\/\/silverhotel.pl\/en\/#website"},"datePublished":"2020-09-29T17:22:11+00:00","dateModified":"2020-09-29T17:39:48+00:00","breadcrumb":{"@id":"https:\/\/silverhotel.pl\/en\/silver-hotel-360\/#breadcrumb"},"inLanguage":"en-US","potentialAction":[{"@type":"ReadAction","target":["https:\/\/silverhotel.pl\/en\/silver-hotel-360\/"]}]},{"@type":"BreadcrumbList","@id":"https:\/\/silverhotel.pl\/en\/silver-hotel-360\/#breadcrumb","itemListElement":[{"@type":"ListItem","position":1,"name":"Home","item":"https:\/\/silverhotel.pl\/en\/home\/"},{"@type":"ListItem","position":2,"name":"Silver Hotel 360"}]},{"@type":"WebSite","@id":"https:\/\/silverhotel.pl\/en\/#website","url":"https:\/\/silverhotel.pl\/en\/","name":"Silver Hotel & Gokart Center","description":"Hotel Silver &amp; Gokart Center to wyj\u0105tkowe miejsce w Szczecinie \u0142\u0105cz\u0105ce w sobie komfortowe, stylowo urz\u0105dzone pokoje z mo\u017cliwo\u015bci\u0105 wypoczynku i rekreacji","potentialAction":[{"@type":"SearchAction","target":{"@type":"EntryPoint","urlTemplate":"https:\/\/silverhotel.pl\/en\/?s={search_term_string}"},"query-input":{"@type":"PropertyValueSpecification","valueRequired":true,"valueName":"search_term_string"}}],"inLanguage":"en-US"}]}},"jetpack_sharing_enabled":true,"_links":{"self":[{"href":"https:\/\/silverhotel.pl\/en\/wp-json\/wp\/v2\/pages\/12580"}],"collection":[{"href":"https:\/\/silverhotel.pl\/en\/wp-json\/wp\/v2\/pages"}],"about":[{"href":"https:\/\/silverhotel.pl\/en\/wp-json\/wp\/v2\/types\/page"}],"author":[{"embeddable":true,"href":"https:\/\/silverhotel.pl\/en\/wp-json\/wp\/v2\/users\/1"}],"replies":[{"embeddable":true,"href":"https:\/\/silverhotel.pl\/en\/wp-json\/wp\/v2\/comments?post=12580"}],"version-history":[{"count":1,"href":"https:\/\/silverhotel.pl\/en\/wp-json\/wp\/v2\/pages\/12580\/revisions"}],"predecessor-version":[{"id":12581,"href":"https:\/\/silverhotel.pl\/en\/wp-json\/wp\/v2\/pages\/12580\/revisions\/12581"}],"wp:attachment":[{"href":"https:\/\/silverhotel.pl\/en\/wp-json\/wp\/v2\/media?parent=12580"}],"curies":[{"name":"wp","href":"https:\/\/api.w.org\/{rel}","templated":true}]}}