{"id":8482,"date":"2019-01-05T21:41:17","date_gmt":"2019-01-05T20:41:17","guid":{"rendered":"http:\/\/silverhotel.pl\/arbeitsangebote\/"},"modified":"2019-01-06T00:23:29","modified_gmt":"2019-01-05T23:23:29","slug":"arbeitsangebote","status":"publish","type":"page","link":"https:\/\/silverhotel.pl\/de\/arbeitsangebote\/","title":{"rendered":"Arbeitsangebote"},"content":{"rendered":"","protected":false},"excerpt":{"rendered":"","protected":false},"author":1,"featured_media":0,"parent":0,"menu_order":0,"comment_status":"closed","ping_status":"closed","template":"page-templates\/job-offers.php","meta":{"_acf_changed":false,"footnotes":""},"class_list":["post-8482","page","type-page","status-publish","hentry"],"acf":[],"yoast_head":"<!-- This site is optimized with the Yoast SEO Premium plugin v23.1 (Yoast SEO v25.6) - https:\/\/yoast.com\/wordpress\/plugins\/seo\/ -->\n<title>Arbeitsangebote | Silver Hotel &amp; Gokart Center<\/title>\n<meta name=\"description\" content=\"Arbeitsangebote des Silver Hotel &amp; Gokart Center Szczecin \u2013 wir suchen nach neuen Mitarbeiten f\u00fcr unser Hotel. Bewerben Sie sich jetzt!\" \/>\n<meta name=\"robots\" content=\"index, follow, max-snippet:-1, max-image-preview:large, max-video-preview:-1\" \/>\n<link rel=\"canonical\" href=\"https:\/\/silverhotel.pl\/de\/arbeitsangebote\/\" \/>\n<meta property=\"og:locale\" content=\"de_DE\" \/>\n<meta property=\"og:type\" content=\"article\" \/>\n<meta property=\"og:title\" content=\"Arbeitsangebote\" \/>\n<meta property=\"og:description\" content=\"Arbeitsangebote des Silver Hotel &amp; Gokart Center Szczecin \u2013 wir suchen nach neuen Mitarbeiten f\u00fcr unser Hotel. Bewerben Sie sich jetzt!\" \/>\n<meta property=\"og:url\" content=\"https:\/\/silverhotel.pl\/de\/arbeitsangebote\/\" \/>\n<meta property=\"og:site_name\" content=\"Silver Hotel &amp; Gokart Center\" \/>\n<meta property=\"article:publisher\" content=\"https:\/\/www.facebook.com\/silverhotel\" \/>\n<meta property=\"article:modified_time\" content=\"2019-01-05T23:23:29+00:00\" \/>\n<meta name=\"twitter:card\" content=\"summary_large_image\" \/>\n<script type=\"application\/ld+json\" class=\"yoast-schema-graph\">{\"@context\":\"https:\/\/schema.org\",\"@graph\":[{\"@type\":\"WebPage\",\"@id\":\"https:\/\/silverhotel.pl\/de\/arbeitsangebote\/\",\"url\":\"https:\/\/silverhotel.pl\/de\/arbeitsangebote\/\",\"name\":\"Arbeitsangebote | Silver Hotel &amp; Gokart Center\",\"isPartOf\":{\"@id\":\"https:\/\/silverhotel.pl\/de\/#website\"},\"datePublished\":\"2019-01-05T20:41:17+00:00\",\"dateModified\":\"2019-01-05T23:23:29+00:00\",\"description\":\"Arbeitsangebote des Silver Hotel & Gokart Center Szczecin \u2013 wir suchen nach neuen Mitarbeiten f\u00fcr unser Hotel. Bewerben Sie sich jetzt!\",\"breadcrumb\":{\"@id\":\"https:\/\/silverhotel.pl\/de\/arbeitsangebote\/#breadcrumb\"},\"inLanguage\":\"de\",\"potentialAction\":[{\"@type\":\"ReadAction\",\"target\":[\"https:\/\/silverhotel.pl\/de\/arbeitsangebote\/\"]}]},{\"@type\":\"BreadcrumbList\",\"@id\":\"https:\/\/silverhotel.pl\/de\/arbeitsangebote\/#breadcrumb\",\"itemListElement\":[{\"@type\":\"ListItem\",\"position\":1,\"name\":\"Home\",\"item\":\"https:\/\/silverhotel.pl\/de\/\"},{\"@type\":\"ListItem\",\"position\":2,\"name\":\"Arbeitsangebote\"}]},{\"@type\":\"WebSite\",\"@id\":\"https:\/\/silverhotel.pl\/de\/#website\",\"url\":\"https:\/\/silverhotel.pl\/de\/\",\"name\":\"Silver Hotel & Gokart Center\",\"description\":\"Hotel Silver &amp; Gokart Center to wyj\u0105tkowe miejsce w Szczecinie \u0142\u0105cz\u0105ce w sobie komfortowe, stylowo urz\u0105dzone pokoje z mo\u017cliwo\u015bci\u0105 wypoczynku i rekreacji\",\"potentialAction\":[{\"@type\":\"SearchAction\",\"target\":{\"@type\":\"EntryPoint\",\"urlTemplate\":\"https:\/\/silverhotel.pl\/de\/?s={search_term_string}\"},\"query-input\":{\"@type\":\"PropertyValueSpecification\",\"valueRequired\":true,\"valueName\":\"search_term_string\"}}],\"inLanguage\":\"de\"}]}<\/script>\n<!-- \/ Yoast SEO Premium plugin. -->","yoast_head_json":{"title":"Arbeitsangebote | Silver Hotel &amp; Gokart Center","description":"Arbeitsangebote des Silver Hotel & Gokart Center Szczecin \u2013 wir suchen nach neuen Mitarbeiten f\u00fcr unser Hotel. Bewerben Sie sich jetzt!","robots":{"index":"index","follow":"follow","max-snippet":"max-snippet:-1","max-image-preview":"max-image-preview:large","max-video-preview":"max-video-preview:-1"},"canonical":"https:\/\/silverhotel.pl\/de\/arbeitsangebote\/","og_locale":"de_DE","og_type":"article","og_title":"Arbeitsangebote","og_description":"Arbeitsangebote des Silver Hotel & Gokart Center Szczecin \u2013 wir suchen nach neuen Mitarbeiten f\u00fcr unser Hotel. Bewerben Sie sich jetzt!","og_url":"https:\/\/silverhotel.pl\/de\/arbeitsangebote\/","og_site_name":"Silver Hotel &amp; Gokart Center","article_publisher":"https:\/\/www.facebook.com\/silverhotel","article_modified_time":"2019-01-05T23:23:29+00:00","twitter_card":"summary_large_image","schema":{"@context":"https:\/\/schema.org","@graph":[{"@type":"WebPage","@id":"https:\/\/silverhotel.pl\/de\/arbeitsangebote\/","url":"https:\/\/silverhotel.pl\/de\/arbeitsangebote\/","name":"Arbeitsangebote | Silver Hotel &amp; Gokart Center","isPartOf":{"@id":"https:\/\/silverhotel.pl\/de\/#website"},"datePublished":"2019-01-05T20:41:17+00:00","dateModified":"2019-01-05T23:23:29+00:00","description":"Arbeitsangebote des Silver Hotel & Gokart Center Szczecin \u2013 wir suchen nach neuen Mitarbeiten f\u00fcr unser Hotel. Bewerben Sie sich jetzt!","breadcrumb":{"@id":"https:\/\/silverhotel.pl\/de\/arbeitsangebote\/#breadcrumb"},"inLanguage":"de","potentialAction":[{"@type":"ReadAction","target":["https:\/\/silverhotel.pl\/de\/arbeitsangebote\/"]}]},{"@type":"BreadcrumbList","@id":"https:\/\/silverhotel.pl\/de\/arbeitsangebote\/#breadcrumb","itemListElement":[{"@type":"ListItem","position":1,"name":"Home","item":"https:\/\/silverhotel.pl\/de\/"},{"@type":"ListItem","position":2,"name":"Arbeitsangebote"}]},{"@type":"WebSite","@id":"https:\/\/silverhotel.pl\/de\/#website","url":"https:\/\/silverhotel.pl\/de\/","name":"Silver Hotel & Gokart Center","description":"Hotel Silver &amp; Gokart Center to wyj\u0105tkowe miejsce w Szczecinie \u0142\u0105cz\u0105ce w sobie komfortowe, stylowo urz\u0105dzone pokoje z mo\u017cliwo\u015bci\u0105 wypoczynku i rekreacji","potentialAction":[{"@type":"SearchAction","target":{"@type":"EntryPoint","urlTemplate":"https:\/\/silverhotel.pl\/de\/?s={search_term_string}"},"query-input":{"@type":"PropertyValueSpecification","valueRequired":true,"valueName":"search_term_string"}}],"inLanguage":"de"}]}},"jetpack_sharing_enabled":true,"_links":{"self":[{"href":"https:\/\/silverhotel.pl\/de\/wp-json\/wp\/v2\/pages\/8482"}],"collection":[{"href":"https:\/\/silverhotel.pl\/de\/wp-json\/wp\/v2\/pages"}],"about":[{"href":"https:\/\/silverhotel.pl\/de\/wp-json\/wp\/v2\/types\/page"}],"author":[{"embeddable":true,"href":"https:\/\/silverhotel.pl\/de\/wp-json\/wp\/v2\/users\/1"}],"replies":[{"embeddable":true,"href":"https:\/\/silverhotel.pl\/de\/wp-json\/wp\/v2\/comments?post=8482"}],"version-history":[{"count":0,"href":"https:\/\/silverhotel.pl\/de\/wp-json\/wp\/v2\/pages\/8482\/revisions"}],"wp:attachment":[{"href":"https:\/\/silverhotel.pl\/de\/wp-json\/wp\/v2\/media?parent=8482"}],"curies":[{"name":"wp","href":"https:\/\/api.w.org\/{rel}","templated":true}]}}