{"id":8377,"date":"2019-01-02T13:38:27","date_gmt":"2019-01-02T12:38:27","guid":{"rendered":"http:\/\/silverhotel.pl\/hotel\/"},"modified":"2023-05-12T10:09:02","modified_gmt":"2023-05-12T08:09:02","slug":"hotel","status":"publish","type":"page","link":"https:\/\/silverhotel.pl\/de\/hotel\/","title":{"rendered":"\u00dcBER UNS"},"content":{"rendered":"<div class=\"wpb-content-wrapper\">[vc_row el_class=&#8220;content-padding-md&#8220;][vc_column parallax=&#8220;content-moving-fade&#8220; parallax_speed_bg=&#8220;2.5&#8243; width=&#8220;1\/2&#8243; el_class=&#8220;content-padding-md&#8220;][vc_column_text]\n<h1 class=\"text-uppercase\"><small>GUTES DESIGN IN BESTER FORM<\/small>SILVER HOTEL<\/h1>\n<p class=\"text-justify\">Bedeutet vor allem ein <strong>wunderbares Design<\/strong>, eine einizigartige Farbgebung, sowie Stoffe von hoher Qualit\u04d3t wie Aluminium, rostfreier Stahl, Glas und Holz. Dar\u00fcber hinaus befinden sich an W\u04d3nden in unserem Hotel einigarzige Deckungen mit Leder &#8211; Struktur.<\/p>\n<p class=\"text-justify\">In den Badezimmern befinden sich ger\u04d3umige Jette Jopp Badekabinen, Badekeramik von Villeroy&amp;Boch, Accessoires von Espirit und Kosmetika von Bogner. Sicherlich sind das Sachen, die das Hotel Silver von anderen Hotels in Stettin unterscheiden.<\/p>\n[\/vc_column_text][\/vc_column][vc_column width=&#8220;1\/2&#8243; el_class=&#8220;content-padding-md&#8220;][vc_images_carousel images=&#8220;6280,6292,6286,6298&#8243; wrap=&#8220;yes&#8220;][\/vc_column][\/vc_row][vc_row full_width=&#8220;stretch_row&#8220; parallax=&#8220;content-moving&#8220; css=&#8220;.vc_custom_1543227577677{background-image: url(http:\/\/silverhotel.pl\/wp-content\/uploads\/2018\/11\/hotel_silver_hotel_t\u0142o_2.jpg?id=4641) !important;background-position: center;background-repeat: no-repeat !important;background-size: cover !important;}&#8220; el_class=&#8220;content-padding-md&#8220;][vc_column width=&#8220;1\/2&#8243; el_class=&#8220;content-padding-md&#8220;][vc_single_image image=&#8220;6244&#8243; img_size=&#8220;555&#215;456&#8243; el_class=&#8220;no-opacity&#8220;][\/vc_column][vc_column width=&#8220;1\/2&#8243; el_class=&#8220;content-padding-md&#8220;][vc_column_text el_class=&#8220;white-box content-padding&#8220;]\n<p class=\"text-justify\">Unser Hotel zeichnet sich wesentlich durch eine ruhige Gegend und gleichzeitig gut schallisolierte Zimmer aus. Zus\u04d3tzlich gew\u04d3hrleistet den G\u04d3sten der Duft von frischer Bettw\u04d3sche sowie einizigartige Deckestoffe, die volle Dukelheit sicherstellen, Entspannung nach einem schweren Tag. Gleichzeitig k\u00f6nnen wir auch garantieren, dass das subtile Halogenlicht Sie in romantische, warme Stimmung nach einer langen Fahrt bringt. Dar\u00fcber hinaus ist ein leckeres Fr\u00fchst\u00fcck und morgendlicher Kaffee im Zimmerpreis Standard im Hotel Silver.<\/p>\n<p class=\"text-justify\"><strong>Die Hotelzimmer<\/strong> befinden sich im ersten und zweiten Stock im ruhigen Teil des Hotels Silver. Den G\u04d3ste stehen 50 moderne, klimatisierte Zimmer zur Verf\u00fcgung:<\/p>\n<ul class=\"list-pointer\">\n<li>24 Einzelzimmer SGL,<\/li>\n<li>12 Doppelzimmer DBL mit separaten Betten,<\/li>\n<li>14 Dopplezimmer mit Ehebett nach Queen Art.<\/li>\n<\/ul>\n[\/vc_column_text][\/vc_column][\/vc_row][vc_row el_class=&#8220;content-padding-md&#8220;][vc_column width=&#8220;1\/2&#8243; el_class=&#8220;content-padding-md&#8220;][vc_column_text]\n<p class=\"text-justify\">Restaurant FERRINA, das den G\u04d3sten italienische K\u00fcche in bester Form anbietet. Au\u03b2er einer ausgezeichneten K\u00fcche, verf\u00fcgt das Restaurant \u00fcber einen modernen Innenraum, der aus Stoffen von hoher Qualit\u04d3t hergestellt wurde, die auf spezielle Bestellung vorbereitet wurden.<\/p>\n<p class=\"text-justify\">Eine Bar in Ring-Form mit b\u00fcrster Stahl &#8211; Struktur sowie Sport &#8211; Akzente in Form von beleuchteten Fotos von Ferrari Boliden sind eine Ankn\u00fcpfung an den sportlichen, aber gleichzeitig exklusiven Charakter des ganzen Hotels. Ein ger\u04d3umiger Raum mit einer Glaswand mit Blick auf das <strong>Silver Gokart Center<\/strong> gew\u04d3hrleistet wurderbare Erfahrungen bei Mehlzeiten.<\/p>\n<p class=\"text-justify\">Unsere G\u04d3ste k\u00f6nnen die K\u04d3mpfe auf der Kartbahn beobachten, aber auch pers\u00f6nlich daran teilnehmen.<\/p>\n<p class=\"text-justify\">Nach einem schweren Arbeitstag oder einer langen Reise wartet auf die G\u04d3ste ein Erholungsschwimmbad, eine Sauna und ein Dampfbad. Eine Wassermasage und eine Weile im Jacuzzi geben sicherlich neue Kr\u04d3fte. Die Welness &#8211; Zone <strong>Blue Bay<\/strong> ist auch ein Rezept f\u00fcr eine morgendliche Erfrischung.<\/p>\n[\/vc_column_text][\/vc_column][vc_column width=&#8220;1\/2&#8243; el_class=&#8220;content-padding-md&#8220;][vc_images_carousel images=&#8220;6238,6232,6226,6220&#8243; wrap=&#8220;yes&#8220; css_animation=&#8220;none&#8220;][\/vc_column][\/vc_row][vc_row el_class=&#8220;content-padding-md&#8220;][vc_column el_id=&#8220;kompleks-shgc1&#8243; el_class=&#8220;content-padding-md&#8220;]<h2 class=\"text-center\"><small>KOMPLEKS<\/small>SILVER HOTEL &amp; GOKART CENTER<\/h2><div class='services-carousel  owl-with-navigation' data-owl='{&quot;items&quot;:4,&quot;nav&quot;:true,&quot;navText&quot;:[&quot;Previous&quot;,&quot;Next&quot;],&quot;loop&quot;:true,&quot;autoplay&quot;:true,&quot;autoplayTimeout&quot;:4000,&quot;autoplayHoverPause&quot;:true,&quot;responsive&quot;:{&quot;0&quot;:{&quot;items&quot;:1,&quot;dots&quot;:false,&quot;nav&quot;:true},&quot;767&quot;:{&quot;items&quot;:4,&quot;dots&quot;:false},&quot;992&quot;:{&quot;items&quot;:4,&quot;dots&quot;:false}}}'><div class=\"item\">\n  <a href=\"http:\/\/silverhotel.pl\/pl\/rooms\/1-osobowe\/\" target=\"_self\" class=\"link-image\" title=\"Komfortowe pokoje\"><img loading=\"lazy\" decoding=\"async\" width=\"400\" height=\"250\" src=\"https:\/\/silverhotel.pl\/wp-content\/uploads\/2018\/11\/hotel_komfortowe_pokoje.jpg\" class=\"attachment-large size-large\" alt=\"\" srcset=\"https:\/\/silverhotel.pl\/wp-content\/uploads\/2018\/11\/hotel_komfortowe_pokoje.jpg 400w, https:\/\/silverhotel.pl\/wp-content\/uploads\/2018\/11\/hotel_komfortowe_pokoje-300x188.jpg 300w\" sizes=\"(max-width: 400px) 100vw, 400px\" \/><\/a>      <div class=\"item-content\">\n      <h4><a href=\"http:\/\/silverhotel.pl\/pl\/rooms\/1-osobowe\/\" target=\"_self\" >Komfortowe pokoje<\/a><\/h4>          <\/div>\n  <\/div>\n<div class=\"item\">\n  <a href=\"http:\/\/silverhotel.pl\/pl\/dla-biznesu\/sale-konferencyjne\/\" target=\"_self\" class=\"link-image\" title=\"Sale konferencyjne\"><img loading=\"lazy\" decoding=\"async\" width=\"400\" height=\"250\" src=\"https:\/\/silverhotel.pl\/wp-content\/uploads\/2018\/11\/hotel_sale_konferencyjne.jpg\" class=\"attachment-large size-large\" alt=\"\" srcset=\"https:\/\/silverhotel.pl\/wp-content\/uploads\/2018\/11\/hotel_sale_konferencyjne.jpg 400w, https:\/\/silverhotel.pl\/wp-content\/uploads\/2018\/11\/hotel_sale_konferencyjne-300x188.jpg 300w\" sizes=\"(max-width: 400px) 100vw, 400px\" \/><\/a>      <div class=\"item-content\">\n      <h4><a href=\"http:\/\/silverhotel.pl\/pl\/dla-biznesu\/sale-konferencyjne\/\" target=\"_self\" >Sale konferencyjne<\/a><\/h4>          <\/div>\n  <\/div>\n<div class=\"item\">\n  <a href=\"http:\/\/silverhotel.pl\/pl\/ferrina-ristorante\/o-restauracji\/\" target=\"_self\" class=\"link-image\" title=\"Ferrina Ristorante\"><img loading=\"lazy\" decoding=\"async\" width=\"400\" height=\"250\" src=\"https:\/\/silverhotel.pl\/wp-content\/uploads\/2018\/11\/hotel_ferrina_ristorante.jpg\" class=\"attachment-large size-large\" alt=\"\" srcset=\"https:\/\/silverhotel.pl\/wp-content\/uploads\/2018\/11\/hotel_ferrina_ristorante.jpg 400w, https:\/\/silverhotel.pl\/wp-content\/uploads\/2018\/11\/hotel_ferrina_ristorante-300x188.jpg 300w\" sizes=\"(max-width: 400px) 100vw, 400px\" \/><\/a>      <div class=\"item-content\">\n      <h4><a href=\"http:\/\/silverhotel.pl\/pl\/ferrina-ristorante\/o-restauracji\/\" target=\"_self\" >Ferrina Ristorante<\/a><\/h4>          <\/div>\n  <\/div>\n<div class=\"item\">\n  <a href=\"http:\/\/silverhotel.pl\/pl\/gokart-center\/o-torze\/\" target=\"_self\" class=\"link-image\" title=\"Silver Gokart Center\"><img loading=\"lazy\" decoding=\"async\" width=\"400\" height=\"250\" src=\"https:\/\/silverhotel.pl\/wp-content\/uploads\/2018\/11\/hotel_silver_gokart_center.jpg\" class=\"attachment-large size-large\" alt=\"\" srcset=\"https:\/\/silverhotel.pl\/wp-content\/uploads\/2018\/11\/hotel_silver_gokart_center.jpg 400w, https:\/\/silverhotel.pl\/wp-content\/uploads\/2018\/11\/hotel_silver_gokart_center-300x188.jpg 300w\" sizes=\"(max-width: 400px) 100vw, 400px\" \/><\/a>      <div class=\"item-content\">\n      <h4><a href=\"http:\/\/silverhotel.pl\/pl\/gokart-center\/o-torze\/\" target=\"_self\" >Silver Gokart Center<\/a><\/h4>          <\/div>\n  <\/div>\n<div class=\"item\">\n  <a href=\"http:\/\/silverhotel.pl\/pl\/wellness\/blue-bay\/\" target=\"_self\" class=\"link-image\" title=\"Strefa wellness\"><img loading=\"lazy\" decoding=\"async\" width=\"400\" height=\"250\" src=\"https:\/\/silverhotel.pl\/wp-content\/uploads\/2018\/11\/hotel_strefa_wellness.jpg\" class=\"attachment-large size-large\" alt=\"\" srcset=\"https:\/\/silverhotel.pl\/wp-content\/uploads\/2018\/11\/hotel_strefa_wellness.jpg 400w, https:\/\/silverhotel.pl\/wp-content\/uploads\/2018\/11\/hotel_strefa_wellness-300x188.jpg 300w\" sizes=\"(max-width: 400px) 100vw, 400px\" \/><\/a>      <div class=\"item-content\">\n      <h4><a href=\"http:\/\/silverhotel.pl\/pl\/wellness\/blue-bay\/\" target=\"_self\" >Strefa wellness<\/a><\/h4>          <\/div>\n  <\/div>\n<\/div>[\/vc_column][\/vc_row][vc_row full_width=&#8220;stretch_row&#8220; css=&#8220;.vc_custom_1542178362470{background-image: url(http:\/\/silverhotel.pl\/wp-content\/uploads\/2018\/11\/hotel_referencje-1.jpg?id=4128) !important;}&#8220; el_class=&#8220;content-padding-md&#8220;][vc_column width=&#8220;2\/3&#8243; offset=&#8220;vc_col-sm-offset-2&#8243; el_class=&#8220;text-center white-box content-padding&#8220;]<h2 class=\"text-center\"><small>Co inni m\u00f3wi\u0105 o nas<\/small>REFERENCJE<\/h2><div class='testimonials-carousel  owl-with-navigation' data-owl='{&quot;items&quot;:3,&quot;nav&quot;:true,&quot;navText&quot;:[&quot;Prev&quot;,&quot;Next&quot;],&quot;loop&quot;:true,&quot;autoplay&quot;:true,&quot;autoplayTimeout&quot;:&quot;4000&quot;,&quot;autoplayHoverPause&quot;:true,&quot;responsive&quot;:{&quot;0&quot;:{&quot;items&quot;:1,&quot;dots&quot;:true,&quot;nav&quot;:true},&quot;767&quot;:{&quot;items&quot;:2,&quot;dots&quot;:true},&quot;992&quot;:{&quot;items&quot;:3,&quot;dots&quot;:true}}}'><div class='testimonial'>\n      <h4 class='testimonial-title'>\n      Grzegorz P.              <small>\n          13 wrze\u015bnia, 2017        <\/small>\n          <\/h4>\n        <p>\u015awietne miejsce dla fan\u00f3w motoryzacji. Na miejscu kryty tor gokartowy. \u015awietne \u015bniadania z bardzo du\u017cym wyborem jedzenia na ciep\u0142o.<\/p>\n    <a href='' class='btn-inline btn' target=\"_self\"><\/a>\n<\/div>\n<div class='testimonial'>\n      <h4 class='testimonial-title'>\n      Maciej P.              <small>\n          24 luty, 2017        <\/small>\n          <\/h4>\n        <p>Generalnie bardzo dopracowany hotel zarowno pod wzgledem obslugi, wystroju i atrakcji.<br \/>\nKuchnia bardzo dobrej jakosci i z duzym wyborem da\u0144. Sniadania rowniez bez zarzutu.<br \/>\nObsluga bardzo mi\u0142a i kompetentna.(...)<\/p>\n    <a href='' class='btn-inline btn' target=\"_self\"><\/a>\n<\/div>\n<div class='testimonial'>\n      <h4 class='testimonial-title'>\n      Tomek T.              <small>\n          30 sierpnia, 2016        <\/small>\n          <\/h4>\n        <p>Tor gocartowy pierwsza klasa. Zakrety i proste w idealnej proporcji. Sprzet wrecz niezawodny! Sam hotel znakomity - swietny na konferencje i warsztaty \ud83d\ude42 Polecam lunch czy obiad bo kuchnia jest znakomita. Swietne polaczenie jakosci i smaku z umiarkowana cena. To mi sie podoba!<\/p>\n    <a href='' class='btn-inline btn' target=\"_self\"><\/a>\n<\/div>\n<div class='testimonial'>\n      <h4 class='testimonial-title'>\n      Agnieszka          <\/h4>\n        <p>Hotel bardzo \u0142adny, pokoje czyste ,\u0142azienka przestronna z ogromnym prysznicem. Dobrze wyg\u0142uszony, Mo\u017cliwo\u015b\u0107 skorzystania z basenu .<\/p>\n    <a href='' class='btn-inline btn' target=\"_self\"><\/a>\n<\/div>\n<div class='testimonial'>\n      <h4 class='testimonial-title'>\n      Micha\u0142          <\/h4>\n        <p>Smaczne \u015bniadania, wygodne \u0142\u00f3\u017cka, do dyspozycji basen i sauna oraz rewelacyjne gokarty za dodatkow\u0105 op\u0142at\u0105 na miejscu.<\/p>\n    <a href='' class='btn-inline btn' target=\"_self\"><\/a>\n<\/div>\n<\/div>[\/vc_column][\/vc_row][vc_row][vc_column][vc_single_image image=&#8220;12891&#8243; img_size=&#8220;full&#8220; alignment=&#8220;center&#8220;][\/vc_column][\/vc_row]\n<\/div>","protected":false},"excerpt":{"rendered":"<p>[vc_row el_class=&#8220;content-padding-md&#8220;][vc_column parallax=&#8220;content-moving-fade&#8220; parallax_speed_bg=&#8220;2.5&#8243; width=&#8220;1\/2&#8243; el_class=&#8220;content-padding-md&#8220;][vc_column_text] GUTES DESIGN IN BESTER FORMSILVER HOTEL Bedeutet vor allem ein wunderbares Design, eine einizigartige [&hellip;]<\/p>\n","protected":false},"author":1,"featured_media":0,"parent":0,"menu_order":0,"comment_status":"closed","ping_status":"open","template":"","meta":{"_acf_changed":false,"footnotes":""},"class_list":["post-8377","page","type-page","status-publish","hentry"],"acf":[],"yoast_head":"<!-- This site is optimized with the Yoast SEO Premium plugin v23.1 (Yoast SEO v25.6) - https:\/\/yoast.com\/wordpress\/plugins\/seo\/ -->\n<title>\u00dcBER UNS | Silver Hotel &amp; Gokart Center | Silver Hotel &amp; Gokart Center<\/title>\n<meta name=\"description\" content=\"Das Silver Hotel bedeutet ger\u04d3umige und bequeme Zimmer, leckere Fr\u00fchst\u00fccke und morgendlichen Kaffee im Zimmerpreis, aber auch einzigartige Attraktionen dh. Gokarts und eine Spa - Zone.\" \/>\n<meta name=\"robots\" content=\"index, follow, max-snippet:-1, max-image-preview:large, max-video-preview:-1\" \/>\n<link rel=\"canonical\" href=\"https:\/\/silverhotel.pl\/de\/hotel\/\" \/>\n<meta property=\"og:locale\" content=\"de_DE\" \/>\n<meta property=\"og:type\" content=\"article\" \/>\n<meta property=\"og:title\" content=\"\u00dcBER UNS\" \/>\n<meta property=\"og:description\" content=\"Das Silver Hotel bedeutet ger\u04d3umige und bequeme Zimmer, leckere Fr\u00fchst\u00fccke und morgendlichen Kaffee im Zimmerpreis, aber auch einzigartige Attraktionen dh. Gokarts und eine Spa - Zone.\" \/>\n<meta property=\"og:url\" content=\"https:\/\/silverhotel.pl\/de\/hotel\/\" \/>\n<meta property=\"og:site_name\" content=\"Silver Hotel &amp; Gokart Center\" \/>\n<meta property=\"article:publisher\" content=\"https:\/\/www.facebook.com\/silverhotel\" \/>\n<meta property=\"article:modified_time\" content=\"2023-05-12T08:09:02+00:00\" \/>\n<meta name=\"twitter:card\" content=\"summary_large_image\" \/>\n<meta name=\"twitter:label1\" content=\"Gesch\u00e4tzte Lesezeit\" \/>\n\t<meta name=\"twitter:data1\" content=\"4\u00a0Minuten\" \/>\n<script type=\"application\/ld+json\" class=\"yoast-schema-graph\">{\"@context\":\"https:\/\/schema.org\",\"@graph\":[{\"@type\":\"WebPage\",\"@id\":\"https:\/\/silverhotel.pl\/de\/hotel\/\",\"url\":\"https:\/\/silverhotel.pl\/de\/hotel\/\",\"name\":\"\u00dcBER UNS | Silver Hotel &amp; Gokart Center | Silver Hotel &amp; Gokart Center\",\"isPartOf\":{\"@id\":\"https:\/\/silverhotel.pl\/de\/#website\"},\"datePublished\":\"2019-01-02T12:38:27+00:00\",\"dateModified\":\"2023-05-12T08:09:02+00:00\",\"description\":\"Das Silver Hotel bedeutet ger\u04d3umige und bequeme Zimmer, leckere Fr\u00fchst\u00fccke und morgendlichen Kaffee im Zimmerpreis, aber auch einzigartige Attraktionen dh. Gokarts und eine Spa - Zone.\",\"breadcrumb\":{\"@id\":\"https:\/\/silverhotel.pl\/de\/hotel\/#breadcrumb\"},\"inLanguage\":\"de\",\"potentialAction\":[{\"@type\":\"ReadAction\",\"target\":[\"https:\/\/silverhotel.pl\/de\/hotel\/\"]}]},{\"@type\":\"BreadcrumbList\",\"@id\":\"https:\/\/silverhotel.pl\/de\/hotel\/#breadcrumb\",\"itemListElement\":[{\"@type\":\"ListItem\",\"position\":1,\"name\":\"Home\",\"item\":\"https:\/\/silverhotel.pl\/de\/\"},{\"@type\":\"ListItem\",\"position\":2,\"name\":\"\u00dcBER UNS\"}]},{\"@type\":\"WebSite\",\"@id\":\"https:\/\/silverhotel.pl\/de\/#website\",\"url\":\"https:\/\/silverhotel.pl\/de\/\",\"name\":\"Silver Hotel & Gokart Center\",\"description\":\"Hotel Silver &amp; Gokart Center to wyj\u0105tkowe miejsce w Szczecinie \u0142\u0105cz\u0105ce w sobie komfortowe, stylowo urz\u0105dzone pokoje z mo\u017cliwo\u015bci\u0105 wypoczynku i rekreacji\",\"potentialAction\":[{\"@type\":\"SearchAction\",\"target\":{\"@type\":\"EntryPoint\",\"urlTemplate\":\"https:\/\/silverhotel.pl\/de\/?s={search_term_string}\"},\"query-input\":{\"@type\":\"PropertyValueSpecification\",\"valueRequired\":true,\"valueName\":\"search_term_string\"}}],\"inLanguage\":\"de\"}]}<\/script>\n<!-- \/ Yoast SEO Premium plugin. -->","yoast_head_json":{"title":"\u00dcBER UNS | Silver Hotel &amp; Gokart Center | Silver Hotel &amp; Gokart Center","description":"Das Silver Hotel bedeutet ger\u04d3umige und bequeme Zimmer, leckere Fr\u00fchst\u00fccke und morgendlichen Kaffee im Zimmerpreis, aber auch einzigartige Attraktionen dh. Gokarts und eine Spa - Zone.","robots":{"index":"index","follow":"follow","max-snippet":"max-snippet:-1","max-image-preview":"max-image-preview:large","max-video-preview":"max-video-preview:-1"},"canonical":"https:\/\/silverhotel.pl\/de\/hotel\/","og_locale":"de_DE","og_type":"article","og_title":"\u00dcBER UNS","og_description":"Das Silver Hotel bedeutet ger\u04d3umige und bequeme Zimmer, leckere Fr\u00fchst\u00fccke und morgendlichen Kaffee im Zimmerpreis, aber auch einzigartige Attraktionen dh. Gokarts und eine Spa - Zone.","og_url":"https:\/\/silverhotel.pl\/de\/hotel\/","og_site_name":"Silver Hotel &amp; Gokart Center","article_publisher":"https:\/\/www.facebook.com\/silverhotel","article_modified_time":"2023-05-12T08:09:02+00:00","twitter_card":"summary_large_image","twitter_misc":{"Gesch\u00e4tzte Lesezeit":"4\u00a0Minuten"},"schema":{"@context":"https:\/\/schema.org","@graph":[{"@type":"WebPage","@id":"https:\/\/silverhotel.pl\/de\/hotel\/","url":"https:\/\/silverhotel.pl\/de\/hotel\/","name":"\u00dcBER UNS | Silver Hotel &amp; Gokart Center | Silver Hotel &amp; Gokart Center","isPartOf":{"@id":"https:\/\/silverhotel.pl\/de\/#website"},"datePublished":"2019-01-02T12:38:27+00:00","dateModified":"2023-05-12T08:09:02+00:00","description":"Das Silver Hotel bedeutet ger\u04d3umige und bequeme Zimmer, leckere Fr\u00fchst\u00fccke und morgendlichen Kaffee im Zimmerpreis, aber auch einzigartige Attraktionen dh. Gokarts und eine Spa - Zone.","breadcrumb":{"@id":"https:\/\/silverhotel.pl\/de\/hotel\/#breadcrumb"},"inLanguage":"de","potentialAction":[{"@type":"ReadAction","target":["https:\/\/silverhotel.pl\/de\/hotel\/"]}]},{"@type":"BreadcrumbList","@id":"https:\/\/silverhotel.pl\/de\/hotel\/#breadcrumb","itemListElement":[{"@type":"ListItem","position":1,"name":"Home","item":"https:\/\/silverhotel.pl\/de\/"},{"@type":"ListItem","position":2,"name":"\u00dcBER UNS"}]},{"@type":"WebSite","@id":"https:\/\/silverhotel.pl\/de\/#website","url":"https:\/\/silverhotel.pl\/de\/","name":"Silver Hotel & Gokart Center","description":"Hotel Silver &amp; Gokart Center to wyj\u0105tkowe miejsce w Szczecinie \u0142\u0105cz\u0105ce w sobie komfortowe, stylowo urz\u0105dzone pokoje z mo\u017cliwo\u015bci\u0105 wypoczynku i rekreacji","potentialAction":[{"@type":"SearchAction","target":{"@type":"EntryPoint","urlTemplate":"https:\/\/silverhotel.pl\/de\/?s={search_term_string}"},"query-input":{"@type":"PropertyValueSpecification","valueRequired":true,"valueName":"search_term_string"}}],"inLanguage":"de"}]}},"jetpack_sharing_enabled":true,"_links":{"self":[{"href":"https:\/\/silverhotel.pl\/de\/wp-json\/wp\/v2\/pages\/8377"}],"collection":[{"href":"https:\/\/silverhotel.pl\/de\/wp-json\/wp\/v2\/pages"}],"about":[{"href":"https:\/\/silverhotel.pl\/de\/wp-json\/wp\/v2\/types\/page"}],"author":[{"embeddable":true,"href":"https:\/\/silverhotel.pl\/de\/wp-json\/wp\/v2\/users\/1"}],"replies":[{"embeddable":true,"href":"https:\/\/silverhotel.pl\/de\/wp-json\/wp\/v2\/comments?post=8377"}],"version-history":[{"count":5,"href":"https:\/\/silverhotel.pl\/de\/wp-json\/wp\/v2\/pages\/8377\/revisions"}],"predecessor-version":[{"id":15272,"href":"https:\/\/silverhotel.pl\/de\/wp-json\/wp\/v2\/pages\/8377\/revisions\/15272"}],"wp:attachment":[{"href":"https:\/\/silverhotel.pl\/de\/wp-json\/wp\/v2\/media?parent=8377"}],"curies":[{"name":"wp","href":"https:\/\/api.w.org\/{rel}","templated":true}]}}