{"id":8323,"date":"2018-12-30T21:02:21","date_gmt":"2018-12-30T20:02:21","guid":{"rendered":"http:\/\/silverhotel.pl\/gokart-center\/firmen-und-gruppen\/"},"modified":"2024-08-30T12:01:26","modified_gmt":"2024-08-30T10:01:26","slug":"firmen-und-gruppen","status":"publish","type":"page","link":"https:\/\/silverhotel.pl\/de\/gokart-center\/firmen-und-gruppen\/","title":{"rendered":"Firmen und Gruppen"},"content":{"rendered":"<div class=\"wpb-content-wrapper\">[vc_row el_class=&#8220;content-padding-md&#8220;][vc_column][vc_row_inner][vc_column_inner width=&#8220;2\/12&#8243;][vc_gallery images=&#8220;7162,7168,7174,7180,7186&#8243; img_size=&#8220;medium&#8220; columns=&#8220;1&#8243;][\/vc_column_inner][vc_column_inner width=&#8220;8\/12&#8243;][vc_column_text]\n<h2 class=\"contentTitle\">Firmenevents, Intergrationreise und TEAM BUILDING &#8211; Hotel Silver Stettin.<\/h2>\n<p><strong>Wir dosieren Emotionen, wecken Adrenalin und wecken vor allem Geist der Rivalit\u04d3t und Teamspiel!\u00a0<\/strong><\/p>\n<p>Wir organisieren Veranstaltungen f\u00fcr Firmen aber nicht nur. Unsere Hauptattraktion im Hotel Silver ist das Gokart Center &#8211; eine ganzj\u04d3hrige, \u00fcberdeckte Kartbahn. Das Spiel auf der Kartbahn bereitet unvergessliche Erfahrungen. Dar\u00fcber hinaus hilft unsere Attraktion beim Bau von zwischenmenschlichen Kontakten und bildet eine gute Atmosp\u04d3re unter den Teilnehmern des Treffens.<\/p>\n<p>Die Gokartbahn ist ein professionelles Gokart- Zentrum, das u. a. Robert Kubica und andere Rennfahrer besuchten. Jeder von ihnen kann h\u00f6chste Qualit\u04d3t unseres Objektes sowohl in Polen, als auch in Europa best\u04d3tigen.<br \/>\nDas Silver &#8211; Komplex ist ein harmonisierter Ort, in dem man angenehm Zeit verbringen und ein Team intergrieren kann, aber gleichzeitig spielt es wichtige Rolle bei Schulungen.<\/p>\n<p>Interessiert an Einzelheiten? M\u00f6chtest Du die Kartbahn f\u00fcr exklusives Nutzen reservieren?<\/p>\n<p><script type=\"text\/javascript\" src=\"https:\/\/www.apex-timing.com\/gokarts\/javascript\/ax.iframe.js\"><\/script><br \/>\n<iframe class=\"axiframe\" width=\"100%\" data-src=\"https:\/\/www.apex-timing.com\/gokarts\/sessions_booking.php?center=637&amp;categories=56&amp;language=de\"><\/iframe><\/p>\n<p><strong>Wir reservieren die Kartbahn nicht f\u00fcr individuelle Fahrten. M\u00f6chtest Du die Kartbahn mit zus\u04d3tzlichen Dienstleistungen, wie Lunch, Abendbrot, Buffet, \u00dcbernachtung reservieren?<\/strong><br \/>\n<strong>Schreibe an uns <a href=\"mailto:sprzedaz@silverhotel.pl\">sprzedaz@silverhotel.pl<\/a>, wir sende genaues Angebot<\/strong><\/p>\n[\/vc_column_text][\/vc_column_inner][vc_column_inner width=&#8220;2\/12&#8243;][vc_gallery images=&#8220;7198,7216,7204,7192,7210&#8243; img_size=&#8220;medium&#8220; columns=&#8220;1&#8243;][\/vc_column_inner][\/vc_row_inner][\/vc_column][\/vc_row][vc_row full_width=&#8220;stretch_row&#8220; parallax=&#8220;content-moving&#8220; position=&#8220;left top&#8220; css=&#8220;.vc_custom_1543399529802{background-image: url(http:\/\/silverhotel.pl\/wp-content\/uploads\/2018\/11\/silver_hotel_gokart_center_tlo_2.2.jpg?id=5088) !important;background-position: center;background-repeat: no-repeat !important;background-size: cover !important;}&#8220; el_class=&#8220;content-padding-md&#8220;][vc_column][\/vc_column][\/vc_row][vc_row][vc_column width=&#8220;1\/2&#8243;][vc_column_text][\/vc_column_text][\/vc_column][vc_column width=&#8220;1\/2&#8243;][vc_column_text][\/vc_column_text][\/vc_column][\/vc_row]\n<\/div>","protected":false},"excerpt":{"rendered":"<p>[vc_row el_class=&#8220;content-padding-md&#8220;][vc_column][vc_row_inner][vc_column_inner width=&#8220;2\/12&#8243;][vc_gallery images=&#8220;7162,7168,7174,7180,7186&#8243; img_size=&#8220;medium&#8220; columns=&#8220;1&#8243;][\/vc_column_inner][vc_column_inner width=&#8220;8\/12&#8243;][vc_column_text] Firmenevents, Intergrationreise und TEAM BUILDING &#8211; Hotel Silver Stettin. Wir dosieren Emotionen, wecken [&hellip;]<\/p>\n","protected":false},"author":1,"featured_media":0,"parent":8275,"menu_order":0,"comment_status":"closed","ping_status":"closed","template":"","meta":{"_acf_changed":false,"footnotes":""},"class_list":["post-8323","page","type-page","status-publish","hentry"],"acf":[],"yoast_head":"<!-- This site is optimized with the Yoast SEO Premium plugin v23.1 (Yoast SEO v25.6) - https:\/\/yoast.com\/wordpress\/plugins\/seo\/ -->\n<title>Firmen und Gruppen | Silver Hotel &amp; Gokart Center<\/title>\n<meta name=\"description\" content=\"Firmenveranstaltungen im Silver Hotel in Stettin - wir dosieren Emotionen, wecken Adrenalin, aber vor allem wecken wir den Geist der Rivalit\u04d3t und Teamspiel!\" \/>\n<meta name=\"robots\" content=\"index, follow, max-snippet:-1, max-image-preview:large, max-video-preview:-1\" \/>\n<link rel=\"canonical\" href=\"https:\/\/silverhotel.pl\/de\/gokart-center\/firmen-und-gruppen\/\" \/>\n<meta property=\"og:locale\" content=\"de_DE\" \/>\n<meta property=\"og:type\" content=\"article\" \/>\n<meta property=\"og:title\" content=\"Firmen und Gruppen\" \/>\n<meta property=\"og:description\" content=\"Firmenveranstaltungen im Silver Hotel in Stettin - wir dosieren Emotionen, wecken Adrenalin, aber vor allem wecken wir den Geist der Rivalit\u04d3t und Teamspiel!\" \/>\n<meta property=\"og:url\" content=\"https:\/\/silverhotel.pl\/de\/gokart-center\/firmen-und-gruppen\/\" \/>\n<meta property=\"og:site_name\" content=\"Silver Hotel &amp; Gokart Center\" \/>\n<meta property=\"article:publisher\" content=\"https:\/\/www.facebook.com\/silverhotel\" \/>\n<meta property=\"article:modified_time\" content=\"2024-08-30T10:01:26+00:00\" \/>\n<meta name=\"twitter:card\" content=\"summary_large_image\" \/>\n<meta name=\"twitter:label1\" content=\"Gesch\u00e4tzte Lesezeit\" \/>\n\t<meta name=\"twitter:data1\" content=\"4\u00a0Minuten\" \/>\n<script type=\"application\/ld+json\" class=\"yoast-schema-graph\">{\"@context\":\"https:\/\/schema.org\",\"@graph\":[{\"@type\":\"WebPage\",\"@id\":\"https:\/\/silverhotel.pl\/de\/gokart-center\/firmen-und-gruppen\/\",\"url\":\"https:\/\/silverhotel.pl\/de\/gokart-center\/firmen-und-gruppen\/\",\"name\":\"Firmen und Gruppen | Silver Hotel &amp; Gokart Center\",\"isPartOf\":{\"@id\":\"https:\/\/silverhotel.pl\/de\/#website\"},\"datePublished\":\"2018-12-30T20:02:21+00:00\",\"dateModified\":\"2024-08-30T10:01:26+00:00\",\"description\":\"Firmenveranstaltungen im Silver Hotel in Stettin - wir dosieren Emotionen, wecken Adrenalin, aber vor allem wecken wir den Geist der Rivalit\u04d3t und Teamspiel!\",\"breadcrumb\":{\"@id\":\"https:\/\/silverhotel.pl\/de\/gokart-center\/firmen-und-gruppen\/#breadcrumb\"},\"inLanguage\":\"de\",\"potentialAction\":[{\"@type\":\"ReadAction\",\"target\":[\"https:\/\/silverhotel.pl\/de\/gokart-center\/firmen-und-gruppen\/\"]}]},{\"@type\":\"BreadcrumbList\",\"@id\":\"https:\/\/silverhotel.pl\/de\/gokart-center\/firmen-und-gruppen\/#breadcrumb\",\"itemListElement\":[{\"@type\":\"ListItem\",\"position\":1,\"name\":\"Home\",\"item\":\"https:\/\/silverhotel.pl\/de\/\"},{\"@type\":\"ListItem\",\"position\":2,\"name\":\"GOKART CENTER\",\"item\":\"https:\/\/silverhotel.pl\/de\/gokart-center\/\"},{\"@type\":\"ListItem\",\"position\":3,\"name\":\"Firmen und Gruppen\"}]},{\"@type\":\"WebSite\",\"@id\":\"https:\/\/silverhotel.pl\/de\/#website\",\"url\":\"https:\/\/silverhotel.pl\/de\/\",\"name\":\"Silver Hotel & Gokart Center\",\"description\":\"Hotel Silver &amp; Gokart Center to wyj\u0105tkowe miejsce w Szczecinie \u0142\u0105cz\u0105ce w sobie komfortowe, stylowo urz\u0105dzone pokoje z mo\u017cliwo\u015bci\u0105 wypoczynku i rekreacji\",\"potentialAction\":[{\"@type\":\"SearchAction\",\"target\":{\"@type\":\"EntryPoint\",\"urlTemplate\":\"https:\/\/silverhotel.pl\/de\/?s={search_term_string}\"},\"query-input\":{\"@type\":\"PropertyValueSpecification\",\"valueRequired\":true,\"valueName\":\"search_term_string\"}}],\"inLanguage\":\"de\"}]}<\/script>\n<!-- \/ Yoast SEO Premium plugin. -->","yoast_head_json":{"title":"Firmen und Gruppen | Silver Hotel &amp; Gokart Center","description":"Firmenveranstaltungen im Silver Hotel in Stettin - wir dosieren Emotionen, wecken Adrenalin, aber vor allem wecken wir den Geist der Rivalit\u04d3t und Teamspiel!","robots":{"index":"index","follow":"follow","max-snippet":"max-snippet:-1","max-image-preview":"max-image-preview:large","max-video-preview":"max-video-preview:-1"},"canonical":"https:\/\/silverhotel.pl\/de\/gokart-center\/firmen-und-gruppen\/","og_locale":"de_DE","og_type":"article","og_title":"Firmen und Gruppen","og_description":"Firmenveranstaltungen im Silver Hotel in Stettin - wir dosieren Emotionen, wecken Adrenalin, aber vor allem wecken wir den Geist der Rivalit\u04d3t und Teamspiel!","og_url":"https:\/\/silverhotel.pl\/de\/gokart-center\/firmen-und-gruppen\/","og_site_name":"Silver Hotel &amp; Gokart Center","article_publisher":"https:\/\/www.facebook.com\/silverhotel","article_modified_time":"2024-08-30T10:01:26+00:00","twitter_card":"summary_large_image","twitter_misc":{"Gesch\u00e4tzte Lesezeit":"4\u00a0Minuten"},"schema":{"@context":"https:\/\/schema.org","@graph":[{"@type":"WebPage","@id":"https:\/\/silverhotel.pl\/de\/gokart-center\/firmen-und-gruppen\/","url":"https:\/\/silverhotel.pl\/de\/gokart-center\/firmen-und-gruppen\/","name":"Firmen und Gruppen | Silver Hotel &amp; Gokart Center","isPartOf":{"@id":"https:\/\/silverhotel.pl\/de\/#website"},"datePublished":"2018-12-30T20:02:21+00:00","dateModified":"2024-08-30T10:01:26+00:00","description":"Firmenveranstaltungen im Silver Hotel in Stettin - wir dosieren Emotionen, wecken Adrenalin, aber vor allem wecken wir den Geist der Rivalit\u04d3t und Teamspiel!","breadcrumb":{"@id":"https:\/\/silverhotel.pl\/de\/gokart-center\/firmen-und-gruppen\/#breadcrumb"},"inLanguage":"de","potentialAction":[{"@type":"ReadAction","target":["https:\/\/silverhotel.pl\/de\/gokart-center\/firmen-und-gruppen\/"]}]},{"@type":"BreadcrumbList","@id":"https:\/\/silverhotel.pl\/de\/gokart-center\/firmen-und-gruppen\/#breadcrumb","itemListElement":[{"@type":"ListItem","position":1,"name":"Home","item":"https:\/\/silverhotel.pl\/de\/"},{"@type":"ListItem","position":2,"name":"GOKART CENTER","item":"https:\/\/silverhotel.pl\/de\/gokart-center\/"},{"@type":"ListItem","position":3,"name":"Firmen und Gruppen"}]},{"@type":"WebSite","@id":"https:\/\/silverhotel.pl\/de\/#website","url":"https:\/\/silverhotel.pl\/de\/","name":"Silver Hotel & Gokart Center","description":"Hotel Silver &amp; Gokart Center to wyj\u0105tkowe miejsce w Szczecinie \u0142\u0105cz\u0105ce w sobie komfortowe, stylowo urz\u0105dzone pokoje z mo\u017cliwo\u015bci\u0105 wypoczynku i rekreacji","potentialAction":[{"@type":"SearchAction","target":{"@type":"EntryPoint","urlTemplate":"https:\/\/silverhotel.pl\/de\/?s={search_term_string}"},"query-input":{"@type":"PropertyValueSpecification","valueRequired":true,"valueName":"search_term_string"}}],"inLanguage":"de"}]}},"jetpack_sharing_enabled":true,"_links":{"self":[{"href":"https:\/\/silverhotel.pl\/de\/wp-json\/wp\/v2\/pages\/8323"}],"collection":[{"href":"https:\/\/silverhotel.pl\/de\/wp-json\/wp\/v2\/pages"}],"about":[{"href":"https:\/\/silverhotel.pl\/de\/wp-json\/wp\/v2\/types\/page"}],"author":[{"embeddable":true,"href":"https:\/\/silverhotel.pl\/de\/wp-json\/wp\/v2\/users\/1"}],"replies":[{"embeddable":true,"href":"https:\/\/silverhotel.pl\/de\/wp-json\/wp\/v2\/comments?post=8323"}],"version-history":[{"count":6,"href":"https:\/\/silverhotel.pl\/de\/wp-json\/wp\/v2\/pages\/8323\/revisions"}],"predecessor-version":[{"id":17247,"href":"https:\/\/silverhotel.pl\/de\/wp-json\/wp\/v2\/pages\/8323\/revisions\/17247"}],"up":[{"embeddable":true,"href":"https:\/\/silverhotel.pl\/de\/wp-json\/wp\/v2\/pages\/8275"}],"wp:attachment":[{"href":"https:\/\/silverhotel.pl\/de\/wp-json\/wp\/v2\/media?parent=8323"}],"curies":[{"name":"wp","href":"https:\/\/api.w.org\/{rel}","templated":true}]}}