{"id":8278,"date":"2018-12-30T16:07:23","date_gmt":"2018-12-30T15:07:23","guid":{"rendered":"http:\/\/silverhotel.pl\/gokart-center\/live-timing-ranking\/"},"modified":"2023-12-15T15:04:49","modified_gmt":"2023-12-15T14:04:49","slug":"live-timing-ranking","status":"publish","type":"page","link":"https:\/\/silverhotel.pl\/de\/gokart-center\/live-timing-ranking\/","title":{"rendered":"Live timing &#038; Ranking"},"content":{"rendered":"<p>&nbsp;<\/p>\n<p>&nbsp;<\/p>\n<p><script type=\"text\/javascript\" src=\"https:\/\/www.apex-timing.com\/live-timing\/tools\/ax.iframe.js\"><\/script><\/p>\n<p><iframe class=\"axiframe\" src=\"https:\/\/www.apex-timing.com\/live-timing\/silverhotel\/index.html\" width=\"100%\"><\/iframe><\/p>\n<p>&nbsp;<\/p>\n<p>&nbsp;<\/p>\n<p>&nbsp;<\/p>\n<p>&nbsp;<\/p>\n<p><script type=\"text\/javascript\" src=\"https:\/\/www.apex-timing.com\/gokarts\/javascript\/ax.iframe.js\"><\/script><\/p>\n<p><iframe class=\"axiframe\" width=\"100%\" data-src=\"https:\/\/www.apex-timing.com\/gokarts\/leaderboards.php?center=637\"><\/iframe><\/p>\n<p>&nbsp;<\/p>\n<p>&nbsp;<\/p>\n<h2 class=\"text-center\" style=\"text-align: center;\">\nRESERVIERUNGEN<\/h2>\n<p style=\"text-align: center;\">Wir laden ein, reservieren Sie per E- Mail oder Telefon.<\/p>\n<p style=\"text-align: center;\"><a href=\"tel:+48914412500\">+48 91 44 12 500<\/a><br \/>\n<a href=\"mailto:rezerwacja@silverhotel.pl\">rezerwacja@silverhotel.pl<\/a><\/p>\n<p>&nbsp;<\/p>\n","protected":false},"excerpt":{"rendered":"<p>&nbsp; &nbsp; &nbsp; &nbsp; &nbsp; &nbsp; &nbsp; &nbsp; RESERVIERUNGEN Wir laden ein, reservieren Sie per E- Mail oder Telefon. +48 [&hellip;]<\/p>\n","protected":false},"author":1,"featured_media":0,"parent":8275,"menu_order":0,"comment_status":"closed","ping_status":"closed","template":"","meta":{"_acf_changed":false,"footnotes":""},"class_list":["post-8278","page","type-page","status-publish","hentry"],"acf":[],"yoast_head":"<!-- This site is optimized with the Yoast SEO Premium plugin v23.1 (Yoast SEO v25.6) - https:\/\/yoast.com\/wordpress\/plugins\/seo\/ -->\n<title>Live timing &amp; Ranking | Silver Hotel &amp; Gokart Center<\/title>\n<meta name=\"description\" content=\"Live timing &amp; Ranking im Silver Hotel &amp; Gokart Center in Stettin - siehe die aktuelle TOP - Rangliste und beobachte fortlaufend Ergebnisse.\" \/>\n<meta name=\"robots\" content=\"index, follow, max-snippet:-1, max-image-preview:large, max-video-preview:-1\" \/>\n<link rel=\"canonical\" href=\"https:\/\/silverhotel.pl\/de\/gokart-center\/live-timing-ranking\/\" \/>\n<meta property=\"og:locale\" content=\"de_DE\" \/>\n<meta property=\"og:type\" content=\"article\" \/>\n<meta property=\"og:title\" content=\"Live timing &amp; Ranking\" \/>\n<meta property=\"og:description\" content=\"Live timing &amp; Ranking im Silver Hotel &amp; Gokart Center in Stettin - siehe die aktuelle TOP - Rangliste und beobachte fortlaufend Ergebnisse.\" \/>\n<meta property=\"og:url\" content=\"https:\/\/silverhotel.pl\/de\/gokart-center\/live-timing-ranking\/\" \/>\n<meta property=\"og:site_name\" content=\"Silver Hotel &amp; Gokart Center\" \/>\n<meta property=\"article:publisher\" content=\"https:\/\/www.facebook.com\/silverhotel\" \/>\n<meta property=\"article:modified_time\" content=\"2023-12-15T14:04:49+00:00\" \/>\n<meta name=\"twitter:card\" content=\"summary_large_image\" \/>\n<script type=\"application\/ld+json\" class=\"yoast-schema-graph\">{\"@context\":\"https:\/\/schema.org\",\"@graph\":[{\"@type\":\"WebPage\",\"@id\":\"https:\/\/silverhotel.pl\/de\/gokart-center\/live-timing-ranking\/\",\"url\":\"https:\/\/silverhotel.pl\/de\/gokart-center\/live-timing-ranking\/\",\"name\":\"Live timing & Ranking | Silver Hotel &amp; Gokart Center\",\"isPartOf\":{\"@id\":\"https:\/\/silverhotel.pl\/de\/#website\"},\"datePublished\":\"2018-12-30T15:07:23+00:00\",\"dateModified\":\"2023-12-15T14:04:49+00:00\",\"description\":\"Live timing & Ranking im Silver Hotel & Gokart Center in Stettin - siehe die aktuelle TOP - Rangliste und beobachte fortlaufend Ergebnisse.\",\"breadcrumb\":{\"@id\":\"https:\/\/silverhotel.pl\/de\/gokart-center\/live-timing-ranking\/#breadcrumb\"},\"inLanguage\":\"de\",\"potentialAction\":[{\"@type\":\"ReadAction\",\"target\":[\"https:\/\/silverhotel.pl\/de\/gokart-center\/live-timing-ranking\/\"]}]},{\"@type\":\"BreadcrumbList\",\"@id\":\"https:\/\/silverhotel.pl\/de\/gokart-center\/live-timing-ranking\/#breadcrumb\",\"itemListElement\":[{\"@type\":\"ListItem\",\"position\":1,\"name\":\"Home\",\"item\":\"https:\/\/silverhotel.pl\/de\/\"},{\"@type\":\"ListItem\",\"position\":2,\"name\":\"GOKART CENTER\",\"item\":\"https:\/\/silverhotel.pl\/de\/gokart-center\/\"},{\"@type\":\"ListItem\",\"position\":3,\"name\":\"Live timing &#038; Ranking\"}]},{\"@type\":\"WebSite\",\"@id\":\"https:\/\/silverhotel.pl\/de\/#website\",\"url\":\"https:\/\/silverhotel.pl\/de\/\",\"name\":\"Silver Hotel & Gokart Center\",\"description\":\"Hotel Silver &amp; Gokart Center to wyj\u0105tkowe miejsce w Szczecinie \u0142\u0105cz\u0105ce w sobie komfortowe, stylowo urz\u0105dzone pokoje z mo\u017cliwo\u015bci\u0105 wypoczynku i rekreacji\",\"potentialAction\":[{\"@type\":\"SearchAction\",\"target\":{\"@type\":\"EntryPoint\",\"urlTemplate\":\"https:\/\/silverhotel.pl\/de\/?s={search_term_string}\"},\"query-input\":{\"@type\":\"PropertyValueSpecification\",\"valueRequired\":true,\"valueName\":\"search_term_string\"}}],\"inLanguage\":\"de\"}]}<\/script>\n<!-- \/ Yoast SEO Premium plugin. -->","yoast_head_json":{"title":"Live timing & Ranking | Silver Hotel &amp; Gokart Center","description":"Live timing & Ranking im Silver Hotel & Gokart Center in Stettin - siehe die aktuelle TOP - Rangliste und beobachte fortlaufend Ergebnisse.","robots":{"index":"index","follow":"follow","max-snippet":"max-snippet:-1","max-image-preview":"max-image-preview:large","max-video-preview":"max-video-preview:-1"},"canonical":"https:\/\/silverhotel.pl\/de\/gokart-center\/live-timing-ranking\/","og_locale":"de_DE","og_type":"article","og_title":"Live timing & Ranking","og_description":"Live timing & Ranking im Silver Hotel & Gokart Center in Stettin - siehe die aktuelle TOP - Rangliste und beobachte fortlaufend Ergebnisse.","og_url":"https:\/\/silverhotel.pl\/de\/gokart-center\/live-timing-ranking\/","og_site_name":"Silver Hotel &amp; Gokart Center","article_publisher":"https:\/\/www.facebook.com\/silverhotel","article_modified_time":"2023-12-15T14:04:49+00:00","twitter_card":"summary_large_image","schema":{"@context":"https:\/\/schema.org","@graph":[{"@type":"WebPage","@id":"https:\/\/silverhotel.pl\/de\/gokart-center\/live-timing-ranking\/","url":"https:\/\/silverhotel.pl\/de\/gokart-center\/live-timing-ranking\/","name":"Live timing & Ranking | Silver Hotel &amp; Gokart Center","isPartOf":{"@id":"https:\/\/silverhotel.pl\/de\/#website"},"datePublished":"2018-12-30T15:07:23+00:00","dateModified":"2023-12-15T14:04:49+00:00","description":"Live timing & Ranking im Silver Hotel & Gokart Center in Stettin - siehe die aktuelle TOP - Rangliste und beobachte fortlaufend Ergebnisse.","breadcrumb":{"@id":"https:\/\/silverhotel.pl\/de\/gokart-center\/live-timing-ranking\/#breadcrumb"},"inLanguage":"de","potentialAction":[{"@type":"ReadAction","target":["https:\/\/silverhotel.pl\/de\/gokart-center\/live-timing-ranking\/"]}]},{"@type":"BreadcrumbList","@id":"https:\/\/silverhotel.pl\/de\/gokart-center\/live-timing-ranking\/#breadcrumb","itemListElement":[{"@type":"ListItem","position":1,"name":"Home","item":"https:\/\/silverhotel.pl\/de\/"},{"@type":"ListItem","position":2,"name":"GOKART CENTER","item":"https:\/\/silverhotel.pl\/de\/gokart-center\/"},{"@type":"ListItem","position":3,"name":"Live timing &#038; Ranking"}]},{"@type":"WebSite","@id":"https:\/\/silverhotel.pl\/de\/#website","url":"https:\/\/silverhotel.pl\/de\/","name":"Silver Hotel & Gokart Center","description":"Hotel Silver &amp; Gokart Center to wyj\u0105tkowe miejsce w Szczecinie \u0142\u0105cz\u0105ce w sobie komfortowe, stylowo urz\u0105dzone pokoje z mo\u017cliwo\u015bci\u0105 wypoczynku i rekreacji","potentialAction":[{"@type":"SearchAction","target":{"@type":"EntryPoint","urlTemplate":"https:\/\/silverhotel.pl\/de\/?s={search_term_string}"},"query-input":{"@type":"PropertyValueSpecification","valueRequired":true,"valueName":"search_term_string"}}],"inLanguage":"de"}]}},"jetpack_sharing_enabled":true,"_links":{"self":[{"href":"https:\/\/silverhotel.pl\/de\/wp-json\/wp\/v2\/pages\/8278"}],"collection":[{"href":"https:\/\/silverhotel.pl\/de\/wp-json\/wp\/v2\/pages"}],"about":[{"href":"https:\/\/silverhotel.pl\/de\/wp-json\/wp\/v2\/types\/page"}],"author":[{"embeddable":true,"href":"https:\/\/silverhotel.pl\/de\/wp-json\/wp\/v2\/users\/1"}],"replies":[{"embeddable":true,"href":"https:\/\/silverhotel.pl\/de\/wp-json\/wp\/v2\/comments?post=8278"}],"version-history":[{"count":3,"href":"https:\/\/silverhotel.pl\/de\/wp-json\/wp\/v2\/pages\/8278\/revisions"}],"predecessor-version":[{"id":16945,"href":"https:\/\/silverhotel.pl\/de\/wp-json\/wp\/v2\/pages\/8278\/revisions\/16945"}],"up":[{"embeddable":true,"href":"https:\/\/silverhotel.pl\/de\/wp-json\/wp\/v2\/pages\/8275"}],"wp:attachment":[{"href":"https:\/\/silverhotel.pl\/de\/wp-json\/wp\/v2\/media?parent=8278"}],"curies":[{"name":"wp","href":"https:\/\/api.w.org\/{rel}","templated":true}]}}