{"id":8259,"date":"2018-12-30T14:37:14","date_gmt":"2018-12-30T13:37:14","guid":{"rendered":"http:\/\/silverhotel.pl\/preisliste\/"},"modified":"2025-10-22T09:30:38","modified_gmt":"2025-10-22T07:30:38","slug":"preisliste","status":"publish","type":"page","link":"https:\/\/silverhotel.pl\/de\/wellness\/preisliste\/","title":{"rendered":"Preisliste"},"content":{"rendered":"<div class=\"wpb-content-wrapper\">[vc_row][vc_column][vc_column_text css=&#8220;&#8220;]\n<h2 class=\"text-uppercase text-center\">Blue bay<\/h2>\n<p style=\"text-align: center;\"><span data-sheets-value=\"{&quot;1&quot;:2,&quot;2&quot;:&quot;WASSSER ERHOLUNGZENTRUM BLUE BAY&quot;}\" data-sheets-userformat=\"{&quot;2&quot;:14847,&quot;3&quot;:{&quot;1&quot;:0,&quot;3&quot;:1},&quot;4&quot;:[null,2,14872793],&quot;5&quot;:{&quot;1&quot;:[{&quot;1&quot;:2,&quot;2&quot;:0,&quot;5&quot;:[null,2,0]},{&quot;1&quot;:0,&quot;2&quot;:0,&quot;3&quot;:1},{&quot;1&quot;:1,&quot;2&quot;:0,&quot;4&quot;:1}]},&quot;6&quot;:{&quot;1&quot;:[{&quot;1&quot;:2,&quot;2&quot;:0,&quot;5&quot;:[null,2,0]},{&quot;1&quot;:0,&quot;2&quot;:0,&quot;3&quot;:1},{&quot;1&quot;:1,&quot;2&quot;:0,&quot;4&quot;:1}]},&quot;7&quot;:{&quot;1&quot;:[{&quot;1&quot;:2,&quot;2&quot;:0,&quot;5&quot;:[null,2,0]},{&quot;1&quot;:0,&quot;2&quot;:0,&quot;3&quot;:1},{&quot;1&quot;:1,&quot;2&quot;:0,&quot;4&quot;:1}]},&quot;8&quot;:{&quot;1&quot;:[{&quot;1&quot;:2,&quot;2&quot;:0,&quot;5&quot;:[null,2,0]},{&quot;1&quot;:0,&quot;2&quot;:0,&quot;3&quot;:1},{&quot;1&quot;:1,&quot;2&quot;:0,&quot;4&quot;:1}]},&quot;9&quot;:0,&quot;10&quot;:1,&quot;11&quot;:0,&quot;14&quot;:[null,2,0],&quot;15&quot;:&quot;Calibri&quot;,&quot;16&quot;:11}\">WASSER ERHOLUNGZENTRUM BLUE BAY<\/span><\/p>\n<table class=\"table table-responsive\">\n<tbody>\n<tr>\n<td class=\"text-left\"><span style=\"color: #e31e24;\"><strong>BESUCHSARTEN IM SCHWIMMBAD<\/strong><\/span><br \/>\n<strong><small>Geb\u00fchr f\u00fcr Eintritt nach Verf\u00fcgbarkeit<\/small><\/strong><\/td>\n<td class=\"text-right\"><span style=\"color: #e31e24;\"><strong>PREIS<\/strong><\/span><\/td>\n<\/tr>\n<tr>\n<td class=\"text-left\"><strong>Kinder<\/strong><br \/>\n<small>\u00a0<\/small><\/td>\n<td class=\"text-right\"><strong>50 PLN<\/strong><\/td>\n<\/tr>\n<tr>\n<td class=\"text-left\"><strong>Erwachsene\u00a0<\/strong><\/td>\n<td class=\"text-right\"><strong>60 PLN<\/strong><\/td>\n<\/tr>\n<tr>\n<td class=\"text-left\"><strong>Karnet POOL 10<br \/>\n<small>zehn Eintritte (3 Monate)<\/small><\/strong><\/td>\n<td class=\"text-right\"><strong>450 PLN<\/strong><\/td>\n<\/tr>\n<tr>\n<td class=\"text-left\"><\/td>\n<td class=\"text-right\"><\/td>\n<\/tr>\n<\/tbody>\n<\/table>\n<p class=\"text-justify\"><strong><small>Dauerkarte POOL geh\u00f6rt nur zu einer vollj\u04d3hrigen Person.<br \/>\n<\/small><\/strong><\/p>\n<p>Der Pool ist verf\u00fcgbar von Zeitplan <a href=\"https:\/\/silverhotel.pl\/de\/wellness\/blue-bay-kalender\/\">https:\/\/silverhotel.pl\/de\/wellness\/blue-bay-kalender\/<\/a>[\/vc_column_text][\/vc_column][\/vc_row]\n<\/div>","protected":false},"excerpt":{"rendered":"<p>[vc_row][vc_column][vc_column_text css=&#8220;&#8220;] Blue bay WASSER ERHOLUNGZENTRUM BLUE BAY BESUCHSARTEN IM SCHWIMMBAD Geb\u00fchr f\u00fcr Eintritt nach Verf\u00fcgbarkeit PREIS Kinder \u00a0 50 [&hellip;]<\/p>\n","protected":false},"author":1,"featured_media":0,"parent":8262,"menu_order":0,"comment_status":"closed","ping_status":"closed","template":"","meta":{"_acf_changed":false,"footnotes":""},"class_list":["post-8259","page","type-page","status-publish","hentry"],"acf":[],"yoast_head":"<!-- This site is optimized with the Yoast SEO Premium plugin v23.1 (Yoast SEO v25.6) - https:\/\/yoast.com\/wordpress\/plugins\/seo\/ -->\n<title>Preisliste | Silver Hotel &amp; Gokart Center<\/title>\n<meta name=\"description\" content=\"Blue Bay im Silver Hotel &amp; Gokart l\u04d3dt dazu ein, die aktuelle Preisliste einzelner Eintritte und Dauerkarten kennenzulernen.\" \/>\n<meta name=\"robots\" content=\"index, follow, max-snippet:-1, max-image-preview:large, max-video-preview:-1\" \/>\n<link rel=\"canonical\" href=\"https:\/\/silverhotel.pl\/de\/wellness\/preisliste\/\" \/>\n<meta property=\"og:locale\" content=\"de_DE\" \/>\n<meta property=\"og:type\" content=\"article\" \/>\n<meta property=\"og:title\" content=\"Preisliste\" \/>\n<meta property=\"og:description\" content=\"Blue Bay im Silver Hotel &amp; Gokart l\u04d3dt dazu ein, die aktuelle Preisliste einzelner Eintritte und Dauerkarten kennenzulernen.\" \/>\n<meta property=\"og:url\" content=\"https:\/\/silverhotel.pl\/de\/wellness\/preisliste\/\" \/>\n<meta property=\"og:site_name\" content=\"Silver Hotel &amp; Gokart Center\" \/>\n<meta property=\"article:publisher\" content=\"https:\/\/www.facebook.com\/silverhotel\" \/>\n<meta property=\"article:modified_time\" content=\"2025-10-22T07:30:38+00:00\" \/>\n<meta name=\"twitter:card\" content=\"summary_large_image\" \/>\n<meta name=\"twitter:label1\" content=\"Gesch\u00e4tzte Lesezeit\" \/>\n\t<meta name=\"twitter:data1\" content=\"1\u00a0Minute\" \/>\n<script type=\"application\/ld+json\" class=\"yoast-schema-graph\">{\"@context\":\"https:\/\/schema.org\",\"@graph\":[{\"@type\":\"WebPage\",\"@id\":\"https:\/\/silverhotel.pl\/de\/wellness\/preisliste\/\",\"url\":\"https:\/\/silverhotel.pl\/de\/wellness\/preisliste\/\",\"name\":\"Preisliste | Silver Hotel &amp; Gokart Center\",\"isPartOf\":{\"@id\":\"https:\/\/silverhotel.pl\/de\/#website\"},\"datePublished\":\"2018-12-30T13:37:14+00:00\",\"dateModified\":\"2025-10-22T07:30:38+00:00\",\"description\":\"Blue Bay im Silver Hotel & Gokart l\u04d3dt dazu ein, die aktuelle Preisliste einzelner Eintritte und Dauerkarten kennenzulernen.\",\"breadcrumb\":{\"@id\":\"https:\/\/silverhotel.pl\/de\/wellness\/preisliste\/#breadcrumb\"},\"inLanguage\":\"de\",\"potentialAction\":[{\"@type\":\"ReadAction\",\"target\":[\"https:\/\/silverhotel.pl\/de\/wellness\/preisliste\/\"]}]},{\"@type\":\"BreadcrumbList\",\"@id\":\"https:\/\/silverhotel.pl\/de\/wellness\/preisliste\/#breadcrumb\",\"itemListElement\":[{\"@type\":\"ListItem\",\"position\":1,\"name\":\"Home\",\"item\":\"https:\/\/silverhotel.pl\/de\/\"},{\"@type\":\"ListItem\",\"position\":2,\"name\":\"WELLNESS\",\"item\":\"https:\/\/silverhotel.pl\/de\/wellness\/\"},{\"@type\":\"ListItem\",\"position\":3,\"name\":\"Preisliste\"}]},{\"@type\":\"WebSite\",\"@id\":\"https:\/\/silverhotel.pl\/de\/#website\",\"url\":\"https:\/\/silverhotel.pl\/de\/\",\"name\":\"Silver Hotel & Gokart Center\",\"description\":\"Hotel Silver &amp; Gokart Center to wyj\u0105tkowe miejsce w Szczecinie \u0142\u0105cz\u0105ce w sobie komfortowe, stylowo urz\u0105dzone pokoje z mo\u017cliwo\u015bci\u0105 wypoczynku i rekreacji\",\"potentialAction\":[{\"@type\":\"SearchAction\",\"target\":{\"@type\":\"EntryPoint\",\"urlTemplate\":\"https:\/\/silverhotel.pl\/de\/?s={search_term_string}\"},\"query-input\":{\"@type\":\"PropertyValueSpecification\",\"valueRequired\":true,\"valueName\":\"search_term_string\"}}],\"inLanguage\":\"de\"}]}<\/script>\n<!-- \/ Yoast SEO Premium plugin. -->","yoast_head_json":{"title":"Preisliste | Silver Hotel &amp; Gokart Center","description":"Blue Bay im Silver Hotel & Gokart l\u04d3dt dazu ein, die aktuelle Preisliste einzelner Eintritte und Dauerkarten kennenzulernen.","robots":{"index":"index","follow":"follow","max-snippet":"max-snippet:-1","max-image-preview":"max-image-preview:large","max-video-preview":"max-video-preview:-1"},"canonical":"https:\/\/silverhotel.pl\/de\/wellness\/preisliste\/","og_locale":"de_DE","og_type":"article","og_title":"Preisliste","og_description":"Blue Bay im Silver Hotel & Gokart l\u04d3dt dazu ein, die aktuelle Preisliste einzelner Eintritte und Dauerkarten kennenzulernen.","og_url":"https:\/\/silverhotel.pl\/de\/wellness\/preisliste\/","og_site_name":"Silver Hotel &amp; Gokart Center","article_publisher":"https:\/\/www.facebook.com\/silverhotel","article_modified_time":"2025-10-22T07:30:38+00:00","twitter_card":"summary_large_image","twitter_misc":{"Gesch\u00e4tzte Lesezeit":"1\u00a0Minute"},"schema":{"@context":"https:\/\/schema.org","@graph":[{"@type":"WebPage","@id":"https:\/\/silverhotel.pl\/de\/wellness\/preisliste\/","url":"https:\/\/silverhotel.pl\/de\/wellness\/preisliste\/","name":"Preisliste | Silver Hotel &amp; Gokart Center","isPartOf":{"@id":"https:\/\/silverhotel.pl\/de\/#website"},"datePublished":"2018-12-30T13:37:14+00:00","dateModified":"2025-10-22T07:30:38+00:00","description":"Blue Bay im Silver Hotel & Gokart l\u04d3dt dazu ein, die aktuelle Preisliste einzelner Eintritte und Dauerkarten kennenzulernen.","breadcrumb":{"@id":"https:\/\/silverhotel.pl\/de\/wellness\/preisliste\/#breadcrumb"},"inLanguage":"de","potentialAction":[{"@type":"ReadAction","target":["https:\/\/silverhotel.pl\/de\/wellness\/preisliste\/"]}]},{"@type":"BreadcrumbList","@id":"https:\/\/silverhotel.pl\/de\/wellness\/preisliste\/#breadcrumb","itemListElement":[{"@type":"ListItem","position":1,"name":"Home","item":"https:\/\/silverhotel.pl\/de\/"},{"@type":"ListItem","position":2,"name":"WELLNESS","item":"https:\/\/silverhotel.pl\/de\/wellness\/"},{"@type":"ListItem","position":3,"name":"Preisliste"}]},{"@type":"WebSite","@id":"https:\/\/silverhotel.pl\/de\/#website","url":"https:\/\/silverhotel.pl\/de\/","name":"Silver Hotel & Gokart Center","description":"Hotel Silver &amp; Gokart Center to wyj\u0105tkowe miejsce w Szczecinie \u0142\u0105cz\u0105ce w sobie komfortowe, stylowo urz\u0105dzone pokoje z mo\u017cliwo\u015bci\u0105 wypoczynku i rekreacji","potentialAction":[{"@type":"SearchAction","target":{"@type":"EntryPoint","urlTemplate":"https:\/\/silverhotel.pl\/de\/?s={search_term_string}"},"query-input":{"@type":"PropertyValueSpecification","valueRequired":true,"valueName":"search_term_string"}}],"inLanguage":"de"}]}},"jetpack_sharing_enabled":true,"_links":{"self":[{"href":"https:\/\/silverhotel.pl\/de\/wp-json\/wp\/v2\/pages\/8259"}],"collection":[{"href":"https:\/\/silverhotel.pl\/de\/wp-json\/wp\/v2\/pages"}],"about":[{"href":"https:\/\/silverhotel.pl\/de\/wp-json\/wp\/v2\/types\/page"}],"author":[{"embeddable":true,"href":"https:\/\/silverhotel.pl\/de\/wp-json\/wp\/v2\/users\/1"}],"replies":[{"embeddable":true,"href":"https:\/\/silverhotel.pl\/de\/wp-json\/wp\/v2\/comments?post=8259"}],"version-history":[{"count":6,"href":"https:\/\/silverhotel.pl\/de\/wp-json\/wp\/v2\/pages\/8259\/revisions"}],"predecessor-version":[{"id":17515,"href":"https:\/\/silverhotel.pl\/de\/wp-json\/wp\/v2\/pages\/8259\/revisions\/17515"}],"up":[{"embeddable":true,"href":"https:\/\/silverhotel.pl\/de\/wp-json\/wp\/v2\/pages\/8262"}],"wp:attachment":[{"href":"https:\/\/silverhotel.pl\/de\/wp-json\/wp\/v2\/media?parent=8259"}],"curies":[{"name":"wp","href":"https:\/\/api.w.org\/{rel}","templated":true}]}}